{"id":2993,"date":"2023-08-01T15:56:29","date_gmt":"2023-08-01T13:56:29","guid":{"rendered":"https:\/\/www.abba-annecy.org\/NewVersion\/?page_id=2993"},"modified":"2023-08-02T10:05:38","modified_gmt":"2023-08-02T08:05:38","slug":"seniors","status":"publish","type":"page","link":"https:\/\/www.abba-annecy.org\/NewVersion\/seniors\/","title":{"rendered":"Seniors"},"content":{"rendered":"\n<p>Les plus \u00e2g\u00e9s ont toujours beaucoup de joie \u00e0 se retrouver pour partager des moments de pri\u00e8re et de r\u00e9flexions bibliques. C\u2019est aussi l\u2019occasion de se retrouver pour un bon repas ou une balade.<\/p>\n","protected":false},"excerpt":{"rendered":"<p>Les plus \u00e2g\u00e9s ont toujours beaucoup de joie \u00e0 se retrouver pour partager des moments de pri\u00e8re et de r\u00e9flexions bibliques. C\u2019est aussi l\u2019occasion de se retrouver pour un bon [&hellip;]<\/p>\n","protected":false},"author":1,"featured_media":3044,"parent":0,"menu_order":0,"comment_status":"closed","ping_status":"closed","template":"","meta":{"_uag_custom_page_level_css":"","footnotes":""},"class_list":["post-2993","page","type-page","status-publish","has-post-thumbnail","hentry"],"yoast_head":"<!-- This site is optimized with the Yoast SEO plugin v26.6 - https:\/\/yoast.com\/wordpress\/plugins\/seo\/ -->\n<title>Seniors - ABBA- Eglise \u00e9vang\u00e9lique - ANNECY Annecy - Eglise protestante \u00e9vang\u00e9lique<\/title>\n<meta name=\"robots\" content=\"index, follow, max-snippet:-1, max-image-preview:large, max-video-preview:-1\" \/>\n<link rel=\"canonical\" href=\"https:\/\/www.abba-annecy.org\/NewVersion\/seniors\/\" \/>\n<meta property=\"og:locale\" content=\"fr_FR\" \/>\n<meta property=\"og:type\" content=\"article\" \/>\n<meta property=\"og:title\" content=\"Seniors - ABBA- Eglise \u00e9vang\u00e9lique - ANNECY Annecy - Eglise protestante \u00e9vang\u00e9lique\" \/>\n<meta property=\"og:description\" content=\"Les plus \u00e2g\u00e9s ont toujours beaucoup de joie \u00e0 se retrouver pour partager des moments de pri\u00e8re et de r\u00e9flexions bibliques. C\u2019est aussi l\u2019occasion de se retrouver pour un bon [&hellip;]\" \/>\n<meta property=\"og:url\" content=\"https:\/\/www.abba-annecy.org\/NewVersion\/seniors\/\" \/>\n<meta property=\"og:site_name\" content=\"ABBA- Eglise \u00e9vang\u00e9lique - ANNECY\" \/>\n<meta property=\"article:modified_time\" content=\"2023-08-02T08:05:38+00:00\" \/>\n<meta property=\"og:image\" content=\"https:\/\/www.abba-annecy.org\/NewVersion\/wp-content\/uploads\/2023\/08\/photo-1461595520627-42e3c83019bc.webp\" \/>\n\t<meta property=\"og:image:width\" content=\"1932\" \/>\n\t<meta property=\"og:image:height\" content=\"1087\" \/>\n\t<meta property=\"og:image:type\" content=\"image\/webp\" \/>\n<meta name=\"twitter:card\" content=\"summary_large_image\" \/>\n<script type=\"application\/ld+json\" class=\"yoast-schema-graph\">{\"@context\":\"https:\/\/schema.org\",\"@graph\":[{\"@type\":\"WebPage\",\"@id\":\"https:\/\/www.abba-annecy.org\/NewVersion\/seniors\/\",\"url\":\"https:\/\/www.abba-annecy.org\/NewVersion\/seniors\/\",\"name\":\"Seniors - ABBA- Eglise \u00e9vang\u00e9lique - ANNECY Annecy - Eglise protestante \u00e9vang\u00e9lique\",\"isPartOf\":{\"@id\":\"https:\/\/www.abba-annecy.org\/NewVersion\/#website\"},\"primaryImageOfPage\":{\"@id\":\"https:\/\/www.abba-annecy.org\/NewVersion\/seniors\/#primaryimage\"},\"image\":{\"@id\":\"https:\/\/www.abba-annecy.org\/NewVersion\/seniors\/#primaryimage\"},\"thumbnailUrl\":\"https:\/\/www.abba-annecy.org\/NewVersion\/wp-content\/uploads\/2023\/08\/photo-1461595520627-42e3c83019bc.webp\",\"datePublished\":\"2023-08-01T13:56:29+00:00\",\"dateModified\":\"2023-08-02T08:05:38+00:00\",\"breadcrumb\":{\"@id\":\"https:\/\/www.abba-annecy.org\/NewVersion\/seniors\/#breadcrumb\"},\"inLanguage\":\"fr-FR\",\"potentialAction\":[{\"@type\":\"ReadAction\",\"target\":[\"https:\/\/www.abba-annecy.org\/NewVersion\/seniors\/\"]}]},{\"@type\":\"ImageObject\",\"inLanguage\":\"fr-FR\",\"@id\":\"https:\/\/www.abba-annecy.org\/NewVersion\/seniors\/#primaryimage\",\"url\":\"https:\/\/www.abba-annecy.org\/NewVersion\/wp-content\/uploads\/2023\/08\/photo-1461595520627-42e3c83019bc.webp\",\"contentUrl\":\"https:\/\/www.abba-annecy.org\/NewVersion\/wp-content\/uploads\/2023\/08\/photo-1461595520627-42e3c83019bc.webp\",\"width\":1932,\"height\":1087},{\"@type\":\"BreadcrumbList\",\"@id\":\"https:\/\/www.abba-annecy.org\/NewVersion\/seniors\/#breadcrumb\",\"itemListElement\":[{\"@type\":\"ListItem\",\"position\":1,\"name\":\"Accueil\",\"item\":\"https:\/\/www.abba-annecy.org\/NewVersion\/\"},{\"@type\":\"ListItem\",\"position\":2,\"name\":\"Seniors\"}]},{\"@type\":\"WebSite\",\"@id\":\"https:\/\/www.abba-annecy.org\/NewVersion\/#website\",\"url\":\"https:\/\/www.abba-annecy.org\/NewVersion\/\",\"name\":\"Assembl\u00e9e Biblique du Bassin Ann\u00e9cien - ABBA - Eglise protestante \u00e9vang\u00e9lique - ANNECY\",\"description\":\"Assembl\u00e9e Biblique du Bassin Ann\u00e9cien- Culte \u00e0 10h15\",\"publisher\":{\"@id\":\"https:\/\/www.abba-annecy.org\/NewVersion\/#organization\"},\"alternateName\":\"ABBA - \u00e9glise Annecy\",\"potentialAction\":[{\"@type\":\"SearchAction\",\"target\":{\"@type\":\"EntryPoint\",\"urlTemplate\":\"https:\/\/www.abba-annecy.org\/NewVersion\/?s={search_term_string}\"},\"query-input\":{\"@type\":\"PropertyValueSpecification\",\"valueRequired\":true,\"valueName\":\"search_term_string\"}}],\"inLanguage\":\"fr-FR\"},{\"@type\":\"Organization\",\"@id\":\"https:\/\/www.abba-annecy.org\/NewVersion\/#organization\",\"name\":\"Assembl\u00e9e Biblique du Bassin Ann\u00e9cien - Eglise protestante \u00e9vang\u00e9lique - ANNECY\",\"alternateName\":\"ABBA - \u00e9glise annecy\",\"url\":\"https:\/\/www.abba-annecy.org\/NewVersion\/\",\"logo\":{\"@type\":\"ImageObject\",\"inLanguage\":\"fr-FR\",\"@id\":\"https:\/\/www.abba-annecy.org\/NewVersion\/#\/schema\/logo\/image\/\",\"url\":\"https:\/\/www.abba-annecy.org\/NewVersion\/wp-content\/uploads\/2023\/08\/logo.png\",\"contentUrl\":\"https:\/\/www.abba-annecy.org\/NewVersion\/wp-content\/uploads\/2023\/08\/logo.png\",\"width\":1500,\"height\":511,\"caption\":\"Assembl\u00e9e Biblique du Bassin Ann\u00e9cien - Eglise protestante \u00e9vang\u00e9lique - ANNECY\"},\"image\":{\"@id\":\"https:\/\/www.abba-annecy.org\/NewVersion\/#\/schema\/logo\/image\/\"}}]}<\/script>\n<!-- \/ Yoast SEO plugin. -->","yoast_head_json":{"title":"Seniors - ABBA- Eglise \u00e9vang\u00e9lique - ANNECY Annecy - Eglise protestante \u00e9vang\u00e9lique","robots":{"index":"index","follow":"follow","max-snippet":"max-snippet:-1","max-image-preview":"max-image-preview:large","max-video-preview":"max-video-preview:-1"},"canonical":"https:\/\/www.abba-annecy.org\/NewVersion\/seniors\/","og_locale":"fr_FR","og_type":"article","og_title":"Seniors - ABBA- Eglise \u00e9vang\u00e9lique - ANNECY Annecy - Eglise protestante \u00e9vang\u00e9lique","og_description":"Les plus \u00e2g\u00e9s ont toujours beaucoup de joie \u00e0 se retrouver pour partager des moments de pri\u00e8re et de r\u00e9flexions bibliques. C\u2019est aussi l\u2019occasion de se retrouver pour un bon [&hellip;]","og_url":"https:\/\/www.abba-annecy.org\/NewVersion\/seniors\/","og_site_name":"ABBA- Eglise \u00e9vang\u00e9lique - ANNECY","article_modified_time":"2023-08-02T08:05:38+00:00","og_image":[{"width":1932,"height":1087,"url":"https:\/\/www.abba-annecy.org\/NewVersion\/wp-content\/uploads\/2023\/08\/photo-1461595520627-42e3c83019bc.webp","type":"image\/webp"}],"twitter_card":"summary_large_image","schema":{"@context":"https:\/\/schema.org","@graph":[{"@type":"WebPage","@id":"https:\/\/www.abba-annecy.org\/NewVersion\/seniors\/","url":"https:\/\/www.abba-annecy.org\/NewVersion\/seniors\/","name":"Seniors - ABBA- Eglise \u00e9vang\u00e9lique - ANNECY Annecy - Eglise protestante \u00e9vang\u00e9lique","isPartOf":{"@id":"https:\/\/www.abba-annecy.org\/NewVersion\/#website"},"primaryImageOfPage":{"@id":"https:\/\/www.abba-annecy.org\/NewVersion\/seniors\/#primaryimage"},"image":{"@id":"https:\/\/www.abba-annecy.org\/NewVersion\/seniors\/#primaryimage"},"thumbnailUrl":"https:\/\/www.abba-annecy.org\/NewVersion\/wp-content\/uploads\/2023\/08\/photo-1461595520627-42e3c83019bc.webp","datePublished":"2023-08-01T13:56:29+00:00","dateModified":"2023-08-02T08:05:38+00:00","breadcrumb":{"@id":"https:\/\/www.abba-annecy.org\/NewVersion\/seniors\/#breadcrumb"},"inLanguage":"fr-FR","potentialAction":[{"@type":"ReadAction","target":["https:\/\/www.abba-annecy.org\/NewVersion\/seniors\/"]}]},{"@type":"ImageObject","inLanguage":"fr-FR","@id":"https:\/\/www.abba-annecy.org\/NewVersion\/seniors\/#primaryimage","url":"https:\/\/www.abba-annecy.org\/NewVersion\/wp-content\/uploads\/2023\/08\/photo-1461595520627-42e3c83019bc.webp","contentUrl":"https:\/\/www.abba-annecy.org\/NewVersion\/wp-content\/uploads\/2023\/08\/photo-1461595520627-42e3c83019bc.webp","width":1932,"height":1087},{"@type":"BreadcrumbList","@id":"https:\/\/www.abba-annecy.org\/NewVersion\/seniors\/#breadcrumb","itemListElement":[{"@type":"ListItem","position":1,"name":"Accueil","item":"https:\/\/www.abba-annecy.org\/NewVersion\/"},{"@type":"ListItem","position":2,"name":"Seniors"}]},{"@type":"WebSite","@id":"https:\/\/www.abba-annecy.org\/NewVersion\/#website","url":"https:\/\/www.abba-annecy.org\/NewVersion\/","name":"Assembl\u00e9e Biblique du Bassin Ann\u00e9cien - ABBA - Eglise protestante \u00e9vang\u00e9lique - ANNECY","description":"Assembl\u00e9e Biblique du Bassin Ann\u00e9cien- Culte \u00e0 10h15","publisher":{"@id":"https:\/\/www.abba-annecy.org\/NewVersion\/#organization"},"alternateName":"ABBA - \u00e9glise Annecy","potentialAction":[{"@type":"SearchAction","target":{"@type":"EntryPoint","urlTemplate":"https:\/\/www.abba-annecy.org\/NewVersion\/?s={search_term_string}"},"query-input":{"@type":"PropertyValueSpecification","valueRequired":true,"valueName":"search_term_string"}}],"inLanguage":"fr-FR"},{"@type":"Organization","@id":"https:\/\/www.abba-annecy.org\/NewVersion\/#organization","name":"Assembl\u00e9e Biblique du Bassin Ann\u00e9cien - Eglise protestante \u00e9vang\u00e9lique - ANNECY","alternateName":"ABBA - \u00e9glise annecy","url":"https:\/\/www.abba-annecy.org\/NewVersion\/","logo":{"@type":"ImageObject","inLanguage":"fr-FR","@id":"https:\/\/www.abba-annecy.org\/NewVersion\/#\/schema\/logo\/image\/","url":"https:\/\/www.abba-annecy.org\/NewVersion\/wp-content\/uploads\/2023\/08\/logo.png","contentUrl":"https:\/\/www.abba-annecy.org\/NewVersion\/wp-content\/uploads\/2023\/08\/logo.png","width":1500,"height":511,"caption":"Assembl\u00e9e Biblique du Bassin Ann\u00e9cien - Eglise protestante \u00e9vang\u00e9lique - ANNECY"},"image":{"@id":"https:\/\/www.abba-annecy.org\/NewVersion\/#\/schema\/logo\/image\/"}}]}},"uagb_featured_image_src":{"full":["https:\/\/www.abba-annecy.org\/NewVersion\/wp-content\/uploads\/2023\/08\/photo-1461595520627-42e3c83019bc.webp",1932,1087,false],"thumbnail":["https:\/\/www.abba-annecy.org\/NewVersion\/wp-content\/uploads\/2023\/08\/photo-1461595520627-42e3c83019bc-150x150.webp",150,150,true],"medium":["https:\/\/www.abba-annecy.org\/NewVersion\/wp-content\/uploads\/2023\/08\/photo-1461595520627-42e3c83019bc-300x169.webp",300,169,true],"medium_large":["https:\/\/www.abba-annecy.org\/NewVersion\/wp-content\/uploads\/2023\/08\/photo-1461595520627-42e3c83019bc-768x432.webp",768,432,true],"large":["https:\/\/www.abba-annecy.org\/NewVersion\/wp-content\/uploads\/2023\/08\/photo-1461595520627-42e3c83019bc-1024x576.webp",780,439,true],"1536x1536":["https:\/\/www.abba-annecy.org\/NewVersion\/wp-content\/uploads\/2023\/08\/photo-1461595520627-42e3c83019bc-1536x864.webp",1536,864,true],"2048x2048":["https:\/\/www.abba-annecy.org\/NewVersion\/wp-content\/uploads\/2023\/08\/photo-1461595520627-42e3c83019bc.webp",1932,1087,false],"post-thumbnail":["https:\/\/www.abba-annecy.org\/NewVersion\/wp-content\/uploads\/2023\/08\/photo-1461595520627-42e3c83019bc-200x125.webp",200,125,true],"faith-large-thumbnail":["https:\/\/www.abba-annecy.org\/NewVersion\/wp-content\/uploads\/2023\/08\/photo-1461595520627-42e3c83019bc-1600x500.webp",1600,500,true],"faith-medium-thumbnail":["https:\/\/www.abba-annecy.org\/NewVersion\/wp-content\/uploads\/2023\/08\/photo-1461595520627-42e3c83019bc-800x250.webp",800,250,true],"faith-normal-thumbnail":["https:\/\/www.abba-annecy.org\/NewVersion\/wp-content\/uploads\/2023\/08\/photo-1461595520627-42e3c83019bc-480x300.webp",480,300,true]},"uagb_author_info":{"display_name":"admin","author_link":"https:\/\/www.abba-annecy.org\/NewVersion\/author\/admin\/"},"uagb_comment_info":0,"uagb_excerpt":"Les plus \u00e2g\u00e9s ont toujours beaucoup de joie \u00e0 se retrouver pour partager des moments de pri\u00e8re et de r\u00e9flexions bibliques. C\u2019est aussi l\u2019occasion de se retrouver pour un bon [&hellip;]","_links":{"self":[{"href":"https:\/\/www.abba-annecy.org\/NewVersion\/wp-json\/wp\/v2\/pages\/2993","targetHints":{"allow":["GET"]}}],"collection":[{"href":"https:\/\/www.abba-annecy.org\/NewVersion\/wp-json\/wp\/v2\/pages"}],"about":[{"href":"https:\/\/www.abba-annecy.org\/NewVersion\/wp-json\/wp\/v2\/types\/page"}],"author":[{"embeddable":true,"href":"https:\/\/www.abba-annecy.org\/NewVersion\/wp-json\/wp\/v2\/users\/1"}],"replies":[{"embeddable":true,"href":"https:\/\/www.abba-annecy.org\/NewVersion\/wp-json\/wp\/v2\/comments?post=2993"}],"version-history":[{"count":1,"href":"https:\/\/www.abba-annecy.org\/NewVersion\/wp-json\/wp\/v2\/pages\/2993\/revisions"}],"predecessor-version":[{"id":2994,"href":"https:\/\/www.abba-annecy.org\/NewVersion\/wp-json\/wp\/v2\/pages\/2993\/revisions\/2994"}],"wp:featuredmedia":[{"embeddable":true,"href":"https:\/\/www.abba-annecy.org\/NewVersion\/wp-json\/wp\/v2\/media\/3044"}],"wp:attachment":[{"href":"https:\/\/www.abba-annecy.org\/NewVersion\/wp-json\/wp\/v2\/media?parent=2993"}],"curies":[{"name":"wp","href":"https:\/\/api.w.org\/{rel}","templated":true}]}}