{"id":2988,"date":"2023-08-01T15:54:27","date_gmt":"2023-08-01T13:54:27","guid":{"rendered":"https:\/\/www.abba-annecy.org\/NewVersion\/?page_id=2988"},"modified":"2024-10-17T11:09:15","modified_gmt":"2024-10-17T09:09:15","slug":"groupes-de-maison","status":"publish","type":"page","link":"https:\/\/www.abba-annecy.org\/NewVersion\/groupes-de-maison\/","title":{"rendered":"Groupes de maison"},"content":{"rendered":"\n<p>Certaines personnes de l&rsquo;\u00e9glise se retrouvent en petit groupe de quartier pour un moment privil\u00e9gi\u00e9 de communion fraternelle et d\u00e9couvertes bibliques. Au programme selon les groupes : Partages, pri\u00e8res, \u00e9tude biblique, caf\u00e9-tisane &#8230;<\/p>\n\n\n\n<p><\/p>\n\n\n\n<figure class=\"wp-block-image size-large\"><img decoding=\"async\" src=\"https:\/\/www.abba-annecy.org\/NewVersion\/wp-content\/uploads\/2024\/03\/Visuels-ABBA-724x1024.png\" alt=\"\"\/><\/figure>\n\n\n\n<p>Groupes \u00e0 Annecy, Mandallaz, Les Bauges, Cruseilles, la Roche sur Foron, &#8230;<\/p>\n\n\n\n<p><br>Rapprochez-vous d&rsquo;un responsable pour connaitre le groupe le plus proche de vous > <a href=\"https:\/\/www.abba-annecy.org\/NewVersion\/contact\/\">contact<\/a>.<\/p>\n","protected":false},"excerpt":{"rendered":"<p>Certaines personnes de l&rsquo;\u00e9glise se retrouvent en petit groupe de quartier pour un moment privil\u00e9gi\u00e9 de communion fraternelle et d\u00e9couvertes bibliques. Au programme selon les groupes : Partages, pri\u00e8res, \u00e9tude [&hellip;]<\/p>\n","protected":false},"author":1,"featured_media":3038,"parent":0,"menu_order":0,"comment_status":"closed","ping_status":"closed","template":"","meta":{"_uag_custom_page_level_css":"","footnotes":""},"class_list":["post-2988","page","type-page","status-publish","has-post-thumbnail","hentry"],"yoast_head":"<!-- This site is optimized with the Yoast SEO plugin v26.6 - https:\/\/yoast.com\/wordpress\/plugins\/seo\/ -->\n<title>Groupes de maison - ABBA- Eglise \u00e9vang\u00e9lique - ANNECY Annecy - Eglise protestante \u00e9vang\u00e9lique<\/title>\n<meta name=\"description\" content=\"Groupe d&#039;\u00e9tude biblique et de pri\u00e8res. Plusieurs groupes \u00e0 Annecy ou en p\u00e9riph\u00e9rie (la Balme de Sillingy, Cruseilles, la Roche ...).\" \/>\n<meta name=\"robots\" content=\"index, follow, max-snippet:-1, max-image-preview:large, max-video-preview:-1\" \/>\n<link rel=\"canonical\" href=\"https:\/\/www.abba-annecy.org\/NewVersion\/groupes-de-maison\/\" \/>\n<meta property=\"og:locale\" content=\"fr_FR\" \/>\n<meta property=\"og:type\" content=\"article\" \/>\n<meta property=\"og:title\" content=\"Groupes de maison - ABBA- Eglise \u00e9vang\u00e9lique - ANNECY Annecy - Eglise protestante \u00e9vang\u00e9lique\" \/>\n<meta property=\"og:description\" content=\"Groupe d&#039;\u00e9tude biblique et de pri\u00e8res. Plusieurs groupes \u00e0 Annecy ou en p\u00e9riph\u00e9rie (la Balme de Sillingy, Cruseilles, la Roche ...).\" \/>\n<meta property=\"og:url\" content=\"https:\/\/www.abba-annecy.org\/NewVersion\/groupes-de-maison\/\" \/>\n<meta property=\"og:site_name\" content=\"ABBA- Eglise \u00e9vang\u00e9lique - ANNECY\" \/>\n<meta property=\"article:modified_time\" content=\"2024-10-17T09:09:15+00:00\" \/>\n<meta property=\"og:image\" content=\"https:\/\/www.abba-annecy.org\/NewVersion\/wp-content\/uploads\/2023\/08\/cassidy-rowell-aawzgWHBhfE-unsplash-scaled.jpg\" \/>\n\t<meta property=\"og:image:width\" content=\"2560\" \/>\n\t<meta property=\"og:image:height\" content=\"1707\" \/>\n\t<meta property=\"og:image:type\" content=\"image\/jpeg\" \/>\n<meta name=\"twitter:card\" content=\"summary_large_image\" \/>\n<meta name=\"twitter:label1\" content=\"Dur\u00e9e de lecture estim\u00e9e\" \/>\n\t<meta name=\"twitter:data1\" content=\"1 minute\" \/>\n<script type=\"application\/ld+json\" class=\"yoast-schema-graph\">{\"@context\":\"https:\/\/schema.org\",\"@graph\":[{\"@type\":\"Article\",\"@id\":\"https:\/\/www.abba-annecy.org\/NewVersion\/groupes-de-maison\/#article\",\"isPartOf\":{\"@id\":\"https:\/\/www.abba-annecy.org\/NewVersion\/groupes-de-maison\/\"},\"author\":{\"name\":\"admin\",\"@id\":\"https:\/\/www.abba-annecy.org\/NewVersion\/#\/schema\/person\/f1bcb3b7764517a63e2c718df84303b6\"},\"headline\":\"Groupes de maison\",\"datePublished\":\"2023-08-01T13:54:27+00:00\",\"dateModified\":\"2024-10-17T09:09:15+00:00\",\"mainEntityOfPage\":{\"@id\":\"https:\/\/www.abba-annecy.org\/NewVersion\/groupes-de-maison\/\"},\"wordCount\":63,\"publisher\":{\"@id\":\"https:\/\/www.abba-annecy.org\/NewVersion\/#organization\"},\"image\":{\"@id\":\"https:\/\/www.abba-annecy.org\/NewVersion\/groupes-de-maison\/#primaryimage\"},\"thumbnailUrl\":\"https:\/\/www.abba-annecy.org\/NewVersion\/wp-content\/uploads\/2023\/08\/cassidy-rowell-aawzgWHBhfE-unsplash-scaled.jpg\",\"inLanguage\":\"fr-FR\"},{\"@type\":[\"WebPage\",\"ItemPage\"],\"@id\":\"https:\/\/www.abba-annecy.org\/NewVersion\/groupes-de-maison\/\",\"url\":\"https:\/\/www.abba-annecy.org\/NewVersion\/groupes-de-maison\/\",\"name\":\"Groupes de maison - ABBA- Eglise \u00e9vang\u00e9lique - ANNECY Annecy - Eglise protestante \u00e9vang\u00e9lique\",\"isPartOf\":{\"@id\":\"https:\/\/www.abba-annecy.org\/NewVersion\/#website\"},\"primaryImageOfPage\":{\"@id\":\"https:\/\/www.abba-annecy.org\/NewVersion\/groupes-de-maison\/#primaryimage\"},\"image\":{\"@id\":\"https:\/\/www.abba-annecy.org\/NewVersion\/groupes-de-maison\/#primaryimage\"},\"thumbnailUrl\":\"https:\/\/www.abba-annecy.org\/NewVersion\/wp-content\/uploads\/2023\/08\/cassidy-rowell-aawzgWHBhfE-unsplash-scaled.jpg\",\"datePublished\":\"2023-08-01T13:54:27+00:00\",\"dateModified\":\"2024-10-17T09:09:15+00:00\",\"description\":\"Groupe d'\u00e9tude biblique et de pri\u00e8res. Plusieurs groupes \u00e0 Annecy ou en p\u00e9riph\u00e9rie (la Balme de Sillingy, Cruseilles, la Roche ...).\",\"breadcrumb\":{\"@id\":\"https:\/\/www.abba-annecy.org\/NewVersion\/groupes-de-maison\/#breadcrumb\"},\"inLanguage\":\"fr-FR\",\"potentialAction\":[{\"@type\":\"ReadAction\",\"target\":[\"https:\/\/www.abba-annecy.org\/NewVersion\/groupes-de-maison\/\"]}]},{\"@type\":\"ImageObject\",\"inLanguage\":\"fr-FR\",\"@id\":\"https:\/\/www.abba-annecy.org\/NewVersion\/groupes-de-maison\/#primaryimage\",\"url\":\"https:\/\/www.abba-annecy.org\/NewVersion\/wp-content\/uploads\/2023\/08\/cassidy-rowell-aawzgWHBhfE-unsplash-scaled.jpg\",\"contentUrl\":\"https:\/\/www.abba-annecy.org\/NewVersion\/wp-content\/uploads\/2023\/08\/cassidy-rowell-aawzgWHBhfE-unsplash-scaled.jpg\",\"width\":2560,\"height\":1707},{\"@type\":\"BreadcrumbList\",\"@id\":\"https:\/\/www.abba-annecy.org\/NewVersion\/groupes-de-maison\/#breadcrumb\",\"itemListElement\":[{\"@type\":\"ListItem\",\"position\":1,\"name\":\"Accueil\",\"item\":\"https:\/\/www.abba-annecy.org\/NewVersion\/\"},{\"@type\":\"ListItem\",\"position\":2,\"name\":\"Groupes de maison\"}]},{\"@type\":\"WebSite\",\"@id\":\"https:\/\/www.abba-annecy.org\/NewVersion\/#website\",\"url\":\"https:\/\/www.abba-annecy.org\/NewVersion\/\",\"name\":\"Assembl\u00e9e Biblique du Bassin Ann\u00e9cien - ABBA - Eglise protestante \u00e9vang\u00e9lique - ANNECY\",\"description\":\"Assembl\u00e9e Biblique du Bassin Ann\u00e9cien- Culte \u00e0 10h15\",\"publisher\":{\"@id\":\"https:\/\/www.abba-annecy.org\/NewVersion\/#organization\"},\"alternateName\":\"ABBA - \u00e9glise Annecy\",\"potentialAction\":[{\"@type\":\"SearchAction\",\"target\":{\"@type\":\"EntryPoint\",\"urlTemplate\":\"https:\/\/www.abba-annecy.org\/NewVersion\/?s={search_term_string}\"},\"query-input\":{\"@type\":\"PropertyValueSpecification\",\"valueRequired\":true,\"valueName\":\"search_term_string\"}}],\"inLanguage\":\"fr-FR\"},{\"@type\":\"Organization\",\"@id\":\"https:\/\/www.abba-annecy.org\/NewVersion\/#organization\",\"name\":\"Assembl\u00e9e Biblique du Bassin Ann\u00e9cien - Eglise protestante \u00e9vang\u00e9lique - ANNECY\",\"alternateName\":\"ABBA - \u00e9glise annecy\",\"url\":\"https:\/\/www.abba-annecy.org\/NewVersion\/\",\"logo\":{\"@type\":\"ImageObject\",\"inLanguage\":\"fr-FR\",\"@id\":\"https:\/\/www.abba-annecy.org\/NewVersion\/#\/schema\/logo\/image\/\",\"url\":\"https:\/\/www.abba-annecy.org\/NewVersion\/wp-content\/uploads\/2023\/08\/logo.png\",\"contentUrl\":\"https:\/\/www.abba-annecy.org\/NewVersion\/wp-content\/uploads\/2023\/08\/logo.png\",\"width\":1500,\"height\":511,\"caption\":\"Assembl\u00e9e Biblique du Bassin Ann\u00e9cien - Eglise protestante \u00e9vang\u00e9lique - ANNECY\"},\"image\":{\"@id\":\"https:\/\/www.abba-annecy.org\/NewVersion\/#\/schema\/logo\/image\/\"}},{\"@type\":\"Person\",\"@id\":\"https:\/\/www.abba-annecy.org\/NewVersion\/#\/schema\/person\/f1bcb3b7764517a63e2c718df84303b6\",\"name\":\"admin\",\"sameAs\":[\"https:\/\/www.abba-annecy.org\/\"],\"url\":\"https:\/\/www.abba-annecy.org\/NewVersion\/author\/admin\/\"}]}<\/script>\n<!-- \/ Yoast SEO plugin. -->","yoast_head_json":{"title":"Groupes de maison - ABBA- Eglise \u00e9vang\u00e9lique - ANNECY Annecy - Eglise protestante \u00e9vang\u00e9lique","description":"Groupe d'\u00e9tude biblique et de pri\u00e8res. Plusieurs groupes \u00e0 Annecy ou en p\u00e9riph\u00e9rie (la Balme de Sillingy, Cruseilles, la Roche ...).","robots":{"index":"index","follow":"follow","max-snippet":"max-snippet:-1","max-image-preview":"max-image-preview:large","max-video-preview":"max-video-preview:-1"},"canonical":"https:\/\/www.abba-annecy.org\/NewVersion\/groupes-de-maison\/","og_locale":"fr_FR","og_type":"article","og_title":"Groupes de maison - ABBA- Eglise \u00e9vang\u00e9lique - ANNECY Annecy - Eglise protestante \u00e9vang\u00e9lique","og_description":"Groupe d'\u00e9tude biblique et de pri\u00e8res. Plusieurs groupes \u00e0 Annecy ou en p\u00e9riph\u00e9rie (la Balme de Sillingy, Cruseilles, la Roche ...).","og_url":"https:\/\/www.abba-annecy.org\/NewVersion\/groupes-de-maison\/","og_site_name":"ABBA- Eglise \u00e9vang\u00e9lique - ANNECY","article_modified_time":"2024-10-17T09:09:15+00:00","og_image":[{"width":2560,"height":1707,"url":"https:\/\/www.abba-annecy.org\/NewVersion\/wp-content\/uploads\/2023\/08\/cassidy-rowell-aawzgWHBhfE-unsplash-scaled.jpg","type":"image\/jpeg"}],"twitter_card":"summary_large_image","twitter_misc":{"Dur\u00e9e de lecture estim\u00e9e":"1 minute"},"schema":{"@context":"https:\/\/schema.org","@graph":[{"@type":"Article","@id":"https:\/\/www.abba-annecy.org\/NewVersion\/groupes-de-maison\/#article","isPartOf":{"@id":"https:\/\/www.abba-annecy.org\/NewVersion\/groupes-de-maison\/"},"author":{"name":"admin","@id":"https:\/\/www.abba-annecy.org\/NewVersion\/#\/schema\/person\/f1bcb3b7764517a63e2c718df84303b6"},"headline":"Groupes de maison","datePublished":"2023-08-01T13:54:27+00:00","dateModified":"2024-10-17T09:09:15+00:00","mainEntityOfPage":{"@id":"https:\/\/www.abba-annecy.org\/NewVersion\/groupes-de-maison\/"},"wordCount":63,"publisher":{"@id":"https:\/\/www.abba-annecy.org\/NewVersion\/#organization"},"image":{"@id":"https:\/\/www.abba-annecy.org\/NewVersion\/groupes-de-maison\/#primaryimage"},"thumbnailUrl":"https:\/\/www.abba-annecy.org\/NewVersion\/wp-content\/uploads\/2023\/08\/cassidy-rowell-aawzgWHBhfE-unsplash-scaled.jpg","inLanguage":"fr-FR"},{"@type":["WebPage","ItemPage"],"@id":"https:\/\/www.abba-annecy.org\/NewVersion\/groupes-de-maison\/","url":"https:\/\/www.abba-annecy.org\/NewVersion\/groupes-de-maison\/","name":"Groupes de maison - ABBA- Eglise \u00e9vang\u00e9lique - ANNECY Annecy - Eglise protestante \u00e9vang\u00e9lique","isPartOf":{"@id":"https:\/\/www.abba-annecy.org\/NewVersion\/#website"},"primaryImageOfPage":{"@id":"https:\/\/www.abba-annecy.org\/NewVersion\/groupes-de-maison\/#primaryimage"},"image":{"@id":"https:\/\/www.abba-annecy.org\/NewVersion\/groupes-de-maison\/#primaryimage"},"thumbnailUrl":"https:\/\/www.abba-annecy.org\/NewVersion\/wp-content\/uploads\/2023\/08\/cassidy-rowell-aawzgWHBhfE-unsplash-scaled.jpg","datePublished":"2023-08-01T13:54:27+00:00","dateModified":"2024-10-17T09:09:15+00:00","description":"Groupe d'\u00e9tude biblique et de pri\u00e8res. Plusieurs groupes \u00e0 Annecy ou en p\u00e9riph\u00e9rie (la Balme de Sillingy, Cruseilles, la Roche ...).","breadcrumb":{"@id":"https:\/\/www.abba-annecy.org\/NewVersion\/groupes-de-maison\/#breadcrumb"},"inLanguage":"fr-FR","potentialAction":[{"@type":"ReadAction","target":["https:\/\/www.abba-annecy.org\/NewVersion\/groupes-de-maison\/"]}]},{"@type":"ImageObject","inLanguage":"fr-FR","@id":"https:\/\/www.abba-annecy.org\/NewVersion\/groupes-de-maison\/#primaryimage","url":"https:\/\/www.abba-annecy.org\/NewVersion\/wp-content\/uploads\/2023\/08\/cassidy-rowell-aawzgWHBhfE-unsplash-scaled.jpg","contentUrl":"https:\/\/www.abba-annecy.org\/NewVersion\/wp-content\/uploads\/2023\/08\/cassidy-rowell-aawzgWHBhfE-unsplash-scaled.jpg","width":2560,"height":1707},{"@type":"BreadcrumbList","@id":"https:\/\/www.abba-annecy.org\/NewVersion\/groupes-de-maison\/#breadcrumb","itemListElement":[{"@type":"ListItem","position":1,"name":"Accueil","item":"https:\/\/www.abba-annecy.org\/NewVersion\/"},{"@type":"ListItem","position":2,"name":"Groupes de maison"}]},{"@type":"WebSite","@id":"https:\/\/www.abba-annecy.org\/NewVersion\/#website","url":"https:\/\/www.abba-annecy.org\/NewVersion\/","name":"Assembl\u00e9e Biblique du Bassin Ann\u00e9cien - ABBA - Eglise protestante \u00e9vang\u00e9lique - ANNECY","description":"Assembl\u00e9e Biblique du Bassin Ann\u00e9cien- Culte \u00e0 10h15","publisher":{"@id":"https:\/\/www.abba-annecy.org\/NewVersion\/#organization"},"alternateName":"ABBA - \u00e9glise Annecy","potentialAction":[{"@type":"SearchAction","target":{"@type":"EntryPoint","urlTemplate":"https:\/\/www.abba-annecy.org\/NewVersion\/?s={search_term_string}"},"query-input":{"@type":"PropertyValueSpecification","valueRequired":true,"valueName":"search_term_string"}}],"inLanguage":"fr-FR"},{"@type":"Organization","@id":"https:\/\/www.abba-annecy.org\/NewVersion\/#organization","name":"Assembl\u00e9e Biblique du Bassin Ann\u00e9cien - Eglise protestante \u00e9vang\u00e9lique - ANNECY","alternateName":"ABBA - \u00e9glise annecy","url":"https:\/\/www.abba-annecy.org\/NewVersion\/","logo":{"@type":"ImageObject","inLanguage":"fr-FR","@id":"https:\/\/www.abba-annecy.org\/NewVersion\/#\/schema\/logo\/image\/","url":"https:\/\/www.abba-annecy.org\/NewVersion\/wp-content\/uploads\/2023\/08\/logo.png","contentUrl":"https:\/\/www.abba-annecy.org\/NewVersion\/wp-content\/uploads\/2023\/08\/logo.png","width":1500,"height":511,"caption":"Assembl\u00e9e Biblique du Bassin Ann\u00e9cien - Eglise protestante \u00e9vang\u00e9lique - ANNECY"},"image":{"@id":"https:\/\/www.abba-annecy.org\/NewVersion\/#\/schema\/logo\/image\/"}},{"@type":"Person","@id":"https:\/\/www.abba-annecy.org\/NewVersion\/#\/schema\/person\/f1bcb3b7764517a63e2c718df84303b6","name":"admin","sameAs":["https:\/\/www.abba-annecy.org\/"],"url":"https:\/\/www.abba-annecy.org\/NewVersion\/author\/admin\/"}]}},"uagb_featured_image_src":{"full":["https:\/\/www.abba-annecy.org\/NewVersion\/wp-content\/uploads\/2023\/08\/cassidy-rowell-aawzgWHBhfE-unsplash-scaled.jpg",2560,1707,false],"thumbnail":["https:\/\/www.abba-annecy.org\/NewVersion\/wp-content\/uploads\/2023\/08\/cassidy-rowell-aawzgWHBhfE-unsplash-150x150.jpg",150,150,true],"medium":["https:\/\/www.abba-annecy.org\/NewVersion\/wp-content\/uploads\/2023\/08\/cassidy-rowell-aawzgWHBhfE-unsplash-300x200.jpg",300,200,true],"medium_large":["https:\/\/www.abba-annecy.org\/NewVersion\/wp-content\/uploads\/2023\/08\/cassidy-rowell-aawzgWHBhfE-unsplash-768x512.jpg",768,512,true],"large":["https:\/\/www.abba-annecy.org\/NewVersion\/wp-content\/uploads\/2023\/08\/cassidy-rowell-aawzgWHBhfE-unsplash-1024x683.jpg",780,520,true],"1536x1536":["https:\/\/www.abba-annecy.org\/NewVersion\/wp-content\/uploads\/2023\/08\/cassidy-rowell-aawzgWHBhfE-unsplash-1536x1024.jpg",1536,1024,true],"2048x2048":["https:\/\/www.abba-annecy.org\/NewVersion\/wp-content\/uploads\/2023\/08\/cassidy-rowell-aawzgWHBhfE-unsplash-2048x1365.jpg",2048,1365,true],"post-thumbnail":["https:\/\/www.abba-annecy.org\/NewVersion\/wp-content\/uploads\/2023\/08\/cassidy-rowell-aawzgWHBhfE-unsplash-200x125.jpg",200,125,true],"faith-large-thumbnail":["https:\/\/www.abba-annecy.org\/NewVersion\/wp-content\/uploads\/2023\/08\/cassidy-rowell-aawzgWHBhfE-unsplash-1600x500.jpg",1600,500,true],"faith-medium-thumbnail":["https:\/\/www.abba-annecy.org\/NewVersion\/wp-content\/uploads\/2023\/08\/cassidy-rowell-aawzgWHBhfE-unsplash-800x250.jpg",800,250,true],"faith-normal-thumbnail":["https:\/\/www.abba-annecy.org\/NewVersion\/wp-content\/uploads\/2023\/08\/cassidy-rowell-aawzgWHBhfE-unsplash-480x300.jpg",480,300,true]},"uagb_author_info":{"display_name":"admin","author_link":"https:\/\/www.abba-annecy.org\/NewVersion\/author\/admin\/"},"uagb_comment_info":0,"uagb_excerpt":"Certaines personnes de l&rsquo;\u00e9glise se retrouvent en petit groupe de quartier pour un moment privil\u00e9gi\u00e9 de communion fraternelle et d\u00e9couvertes bibliques. Au programme selon les groupes : Partages, pri\u00e8res, \u00e9tude [&hellip;]","_links":{"self":[{"href":"https:\/\/www.abba-annecy.org\/NewVersion\/wp-json\/wp\/v2\/pages\/2988","targetHints":{"allow":["GET"]}}],"collection":[{"href":"https:\/\/www.abba-annecy.org\/NewVersion\/wp-json\/wp\/v2\/pages"}],"about":[{"href":"https:\/\/www.abba-annecy.org\/NewVersion\/wp-json\/wp\/v2\/types\/page"}],"author":[{"embeddable":true,"href":"https:\/\/www.abba-annecy.org\/NewVersion\/wp-json\/wp\/v2\/users\/1"}],"replies":[{"embeddable":true,"href":"https:\/\/www.abba-annecy.org\/NewVersion\/wp-json\/wp\/v2\/comments?post=2988"}],"version-history":[{"count":7,"href":"https:\/\/www.abba-annecy.org\/NewVersion\/wp-json\/wp\/v2\/pages\/2988\/revisions"}],"predecessor-version":[{"id":3330,"href":"https:\/\/www.abba-annecy.org\/NewVersion\/wp-json\/wp\/v2\/pages\/2988\/revisions\/3330"}],"wp:featuredmedia":[{"embeddable":true,"href":"https:\/\/www.abba-annecy.org\/NewVersion\/wp-json\/wp\/v2\/media\/3038"}],"wp:attachment":[{"href":"https:\/\/www.abba-annecy.org\/NewVersion\/wp-json\/wp\/v2\/media?parent=2988"}],"curies":[{"name":"wp","href":"https:\/\/api.w.org\/{rel}","templated":true}]}}