{"id":2983,"date":"2023-08-01T15:52:23","date_gmt":"2023-08-01T13:52:23","guid":{"rendered":"https:\/\/www.abba-annecy.org\/NewVersion\/?page_id=2983"},"modified":"2024-10-17T11:15:39","modified_gmt":"2024-10-17T09:15:39","slug":"jeunesse","status":"publish","type":"page","link":"https:\/\/www.abba-annecy.org\/NewVersion\/jeunesse\/","title":{"rendered":"Jeunesse"},"content":{"rendered":"\n<p>Les enfants n\u2019assistent pas \u00e0 tout le culte. Apr\u00e8s 30 \u00e0 45 minutes avec l\u2019assembl\u00e9e, ils se retrouvent en 3 groupes selon leurs \u00e2ges ( maternelle, \u00e9l\u00e9mentaire, coll\u00e9giens et lyc\u00e9ens) et re\u00e7oivent un enseignement biblique adapt\u00e9.<\/p>\n\n\n\n<p>Les enfants jusqu\u2019\u00e0 trois ans peuvent \u00eatre accueillis \u00e0 la garderie.<\/p>\n\n\n\n<div class=\"wp-block-uagb-image uagb-block-2f972599 wp-block-uagb-image--layout-default wp-block-uagb-image--effect-static wp-block-uagb-image--align-none\"><figure class=\"wp-block-uagb-image__figure\"><img decoding=\"async\" srcset=\"https:\/\/www.abba-annecy.org\/NewVersion\/wp-content\/uploads\/2024\/03\/Visuels-ABBA-1-2-724x1024.png \" sizes=\"auto, (max-width: 480px) 150px\" src=\"https:\/\/www.abba-annecy.org\/NewVersion\/wp-content\/uploads\/2024\/03\/Visuels-ABBA-1-2-724x1024.png\" alt=\"\" class=\"uag-image-3278\" width=\"1587\" height=\"2245\" title=\"\" loading=\"lazy\" role=\"img\"\/><\/figure><\/div>\n\n\n\n<p><\/p>\n\n\n\n<p>Garderie 0-3 ans<\/p>\n\n\n\n<p>Benjis : PS au CP<\/p>\n\n\n\n<p>Prim&rsquo;s : CE1 au CM2<\/p>\n\n\n\n<p>Coll&rsquo;s: coll\u00e9giens<\/p>\n\n\n\n<p>GdJ: lyc\u00e9ens, jeunes adultes<\/p>\n\n\n\n<p>Soir\u00e9es PULSE: 15 -25 ans<\/p>\n\n\n\n<p><\/p>\n\n\n\n<p> &gt;&gt; Soir\u00e9es\/ WE Coll&rsquo;s<\/p>\n","protected":false},"excerpt":{"rendered":"<p>Les enfants n\u2019assistent pas \u00e0 tout le culte. Apr\u00e8s 30 \u00e0 45 minutes avec l\u2019assembl\u00e9e, ils se retrouvent en 3 groupes selon leurs \u00e2ges ( maternelle, \u00e9l\u00e9mentaire, coll\u00e9giens et lyc\u00e9ens) [&hellip;]<\/p>\n","protected":false},"author":1,"featured_media":3037,"parent":0,"menu_order":0,"comment_status":"closed","ping_status":"closed","template":"","meta":{"_uag_custom_page_level_css":"","footnotes":""},"class_list":["post-2983","page","type-page","status-publish","has-post-thumbnail","hentry"],"yoast_head":"<!-- This site is optimized with the Yoast SEO plugin v26.6 - https:\/\/yoast.com\/wordpress\/plugins\/seo\/ -->\n<title>Jeunesse - ABBA- Eglise \u00e9vang\u00e9lique - ANNECY - Eglise protestante \u00e9vang\u00e9lique<\/title>\n<meta name=\"description\" content=\"Les enfants ont leur place dans notre \u00e9glise, chacun sera accueilli selon son \u00e2ge ( maternelle, \u00e9l\u00e9mentaire, coll\u00e8ge, lyc\u00e9e).\" \/>\n<meta name=\"robots\" content=\"index, follow, max-snippet:-1, max-image-preview:large, max-video-preview:-1\" \/>\n<link rel=\"canonical\" href=\"https:\/\/www.abba-annecy.org\/NewVersion\/jeunesse\/\" \/>\n<meta property=\"og:locale\" content=\"fr_FR\" \/>\n<meta property=\"og:type\" content=\"article\" \/>\n<meta property=\"og:title\" content=\"Jeunesse - ABBA- Eglise \u00e9vang\u00e9lique - ANNECY - Eglise protestante \u00e9vang\u00e9lique\" \/>\n<meta property=\"og:description\" content=\"Les enfants ont leur place dans notre \u00e9glise, chacun sera accueilli selon son \u00e2ge ( maternelle, \u00e9l\u00e9mentaire, coll\u00e8ge, lyc\u00e9e).\" \/>\n<meta property=\"og:url\" content=\"https:\/\/www.abba-annecy.org\/NewVersion\/jeunesse\/\" \/>\n<meta property=\"og:site_name\" content=\"ABBA- Eglise \u00e9vang\u00e9lique - ANNECY\" \/>\n<meta property=\"article:modified_time\" content=\"2024-10-17T09:15:39+00:00\" \/>\n<meta property=\"og:image\" content=\"https:\/\/www.abba-annecy.org\/NewVersion\/wp-content\/uploads\/2023\/08\/Jeunesse.jpg\" \/>\n\t<meta property=\"og:image:width\" content=\"960\" \/>\n\t<meta property=\"og:image:height\" content=\"640\" \/>\n\t<meta property=\"og:image:type\" content=\"image\/jpeg\" \/>\n<meta name=\"twitter:card\" content=\"summary_large_image\" \/>\n<meta name=\"twitter:label1\" content=\"Dur\u00e9e de lecture estim\u00e9e\" \/>\n\t<meta name=\"twitter:data1\" content=\"1 minute\" \/>\n<script type=\"application\/ld+json\" class=\"yoast-schema-graph\">{\"@context\":\"https:\/\/schema.org\",\"@graph\":[{\"@type\":\"WebPage\",\"@id\":\"https:\/\/www.abba-annecy.org\/NewVersion\/jeunesse\/\",\"url\":\"https:\/\/www.abba-annecy.org\/NewVersion\/jeunesse\/\",\"name\":\"Jeunesse - ABBA- Eglise \u00e9vang\u00e9lique - ANNECY - Eglise protestante \u00e9vang\u00e9lique\",\"isPartOf\":{\"@id\":\"https:\/\/www.abba-annecy.org\/NewVersion\/#website\"},\"primaryImageOfPage\":{\"@id\":\"https:\/\/www.abba-annecy.org\/NewVersion\/jeunesse\/#primaryimage\"},\"image\":{\"@id\":\"https:\/\/www.abba-annecy.org\/NewVersion\/jeunesse\/#primaryimage\"},\"thumbnailUrl\":\"https:\/\/www.abba-annecy.org\/NewVersion\/wp-content\/uploads\/2023\/08\/Jeunesse.jpg\",\"datePublished\":\"2023-08-01T13:52:23+00:00\",\"dateModified\":\"2024-10-17T09:15:39+00:00\",\"description\":\"Les enfants ont leur place dans notre \u00e9glise, chacun sera accueilli selon son \u00e2ge ( maternelle, \u00e9l\u00e9mentaire, coll\u00e8ge, lyc\u00e9e).\",\"breadcrumb\":{\"@id\":\"https:\/\/www.abba-annecy.org\/NewVersion\/jeunesse\/#breadcrumb\"},\"inLanguage\":\"fr-FR\",\"potentialAction\":[{\"@type\":\"ReadAction\",\"target\":[\"https:\/\/www.abba-annecy.org\/NewVersion\/jeunesse\/\"]}]},{\"@type\":\"ImageObject\",\"inLanguage\":\"fr-FR\",\"@id\":\"https:\/\/www.abba-annecy.org\/NewVersion\/jeunesse\/#primaryimage\",\"url\":\"https:\/\/www.abba-annecy.org\/NewVersion\/wp-content\/uploads\/2023\/08\/Jeunesse.jpg\",\"contentUrl\":\"https:\/\/www.abba-annecy.org\/NewVersion\/wp-content\/uploads\/2023\/08\/Jeunesse.jpg\",\"width\":960,\"height\":640},{\"@type\":\"BreadcrumbList\",\"@id\":\"https:\/\/www.abba-annecy.org\/NewVersion\/jeunesse\/#breadcrumb\",\"itemListElement\":[{\"@type\":\"ListItem\",\"position\":1,\"name\":\"Accueil\",\"item\":\"https:\/\/www.abba-annecy.org\/NewVersion\/\"},{\"@type\":\"ListItem\",\"position\":2,\"name\":\"Jeunesse\"}]},{\"@type\":\"WebSite\",\"@id\":\"https:\/\/www.abba-annecy.org\/NewVersion\/#website\",\"url\":\"https:\/\/www.abba-annecy.org\/NewVersion\/\",\"name\":\"Assembl\u00e9e Biblique du Bassin Ann\u00e9cien - ABBA - Eglise protestante \u00e9vang\u00e9lique - ANNECY\",\"description\":\"Assembl\u00e9e Biblique du Bassin Ann\u00e9cien- Culte \u00e0 10h15\",\"publisher\":{\"@id\":\"https:\/\/www.abba-annecy.org\/NewVersion\/#organization\"},\"alternateName\":\"ABBA - \u00e9glise Annecy\",\"potentialAction\":[{\"@type\":\"SearchAction\",\"target\":{\"@type\":\"EntryPoint\",\"urlTemplate\":\"https:\/\/www.abba-annecy.org\/NewVersion\/?s={search_term_string}\"},\"query-input\":{\"@type\":\"PropertyValueSpecification\",\"valueRequired\":true,\"valueName\":\"search_term_string\"}}],\"inLanguage\":\"fr-FR\"},{\"@type\":\"Organization\",\"@id\":\"https:\/\/www.abba-annecy.org\/NewVersion\/#organization\",\"name\":\"Assembl\u00e9e Biblique du Bassin Ann\u00e9cien - Eglise protestante \u00e9vang\u00e9lique - ANNECY\",\"alternateName\":\"ABBA - \u00e9glise annecy\",\"url\":\"https:\/\/www.abba-annecy.org\/NewVersion\/\",\"logo\":{\"@type\":\"ImageObject\",\"inLanguage\":\"fr-FR\",\"@id\":\"https:\/\/www.abba-annecy.org\/NewVersion\/#\/schema\/logo\/image\/\",\"url\":\"https:\/\/www.abba-annecy.org\/NewVersion\/wp-content\/uploads\/2023\/08\/logo.png\",\"contentUrl\":\"https:\/\/www.abba-annecy.org\/NewVersion\/wp-content\/uploads\/2023\/08\/logo.png\",\"width\":1500,\"height\":511,\"caption\":\"Assembl\u00e9e Biblique du Bassin Ann\u00e9cien - Eglise protestante \u00e9vang\u00e9lique - ANNECY\"},\"image\":{\"@id\":\"https:\/\/www.abba-annecy.org\/NewVersion\/#\/schema\/logo\/image\/\"}}]}<\/script>\n<!-- \/ Yoast SEO plugin. -->","yoast_head_json":{"title":"Jeunesse - ABBA- Eglise \u00e9vang\u00e9lique - ANNECY - Eglise protestante \u00e9vang\u00e9lique","description":"Les enfants ont leur place dans notre \u00e9glise, chacun sera accueilli selon son \u00e2ge ( maternelle, \u00e9l\u00e9mentaire, coll\u00e8ge, lyc\u00e9e).","robots":{"index":"index","follow":"follow","max-snippet":"max-snippet:-1","max-image-preview":"max-image-preview:large","max-video-preview":"max-video-preview:-1"},"canonical":"https:\/\/www.abba-annecy.org\/NewVersion\/jeunesse\/","og_locale":"fr_FR","og_type":"article","og_title":"Jeunesse - ABBA- Eglise \u00e9vang\u00e9lique - ANNECY - Eglise protestante \u00e9vang\u00e9lique","og_description":"Les enfants ont leur place dans notre \u00e9glise, chacun sera accueilli selon son \u00e2ge ( maternelle, \u00e9l\u00e9mentaire, coll\u00e8ge, lyc\u00e9e).","og_url":"https:\/\/www.abba-annecy.org\/NewVersion\/jeunesse\/","og_site_name":"ABBA- Eglise \u00e9vang\u00e9lique - ANNECY","article_modified_time":"2024-10-17T09:15:39+00:00","og_image":[{"width":960,"height":640,"url":"https:\/\/www.abba-annecy.org\/NewVersion\/wp-content\/uploads\/2023\/08\/Jeunesse.jpg","type":"image\/jpeg"}],"twitter_card":"summary_large_image","twitter_misc":{"Dur\u00e9e de lecture estim\u00e9e":"1 minute"},"schema":{"@context":"https:\/\/schema.org","@graph":[{"@type":"WebPage","@id":"https:\/\/www.abba-annecy.org\/NewVersion\/jeunesse\/","url":"https:\/\/www.abba-annecy.org\/NewVersion\/jeunesse\/","name":"Jeunesse - ABBA- Eglise \u00e9vang\u00e9lique - ANNECY - Eglise protestante \u00e9vang\u00e9lique","isPartOf":{"@id":"https:\/\/www.abba-annecy.org\/NewVersion\/#website"},"primaryImageOfPage":{"@id":"https:\/\/www.abba-annecy.org\/NewVersion\/jeunesse\/#primaryimage"},"image":{"@id":"https:\/\/www.abba-annecy.org\/NewVersion\/jeunesse\/#primaryimage"},"thumbnailUrl":"https:\/\/www.abba-annecy.org\/NewVersion\/wp-content\/uploads\/2023\/08\/Jeunesse.jpg","datePublished":"2023-08-01T13:52:23+00:00","dateModified":"2024-10-17T09:15:39+00:00","description":"Les enfants ont leur place dans notre \u00e9glise, chacun sera accueilli selon son \u00e2ge ( maternelle, \u00e9l\u00e9mentaire, coll\u00e8ge, lyc\u00e9e).","breadcrumb":{"@id":"https:\/\/www.abba-annecy.org\/NewVersion\/jeunesse\/#breadcrumb"},"inLanguage":"fr-FR","potentialAction":[{"@type":"ReadAction","target":["https:\/\/www.abba-annecy.org\/NewVersion\/jeunesse\/"]}]},{"@type":"ImageObject","inLanguage":"fr-FR","@id":"https:\/\/www.abba-annecy.org\/NewVersion\/jeunesse\/#primaryimage","url":"https:\/\/www.abba-annecy.org\/NewVersion\/wp-content\/uploads\/2023\/08\/Jeunesse.jpg","contentUrl":"https:\/\/www.abba-annecy.org\/NewVersion\/wp-content\/uploads\/2023\/08\/Jeunesse.jpg","width":960,"height":640},{"@type":"BreadcrumbList","@id":"https:\/\/www.abba-annecy.org\/NewVersion\/jeunesse\/#breadcrumb","itemListElement":[{"@type":"ListItem","position":1,"name":"Accueil","item":"https:\/\/www.abba-annecy.org\/NewVersion\/"},{"@type":"ListItem","position":2,"name":"Jeunesse"}]},{"@type":"WebSite","@id":"https:\/\/www.abba-annecy.org\/NewVersion\/#website","url":"https:\/\/www.abba-annecy.org\/NewVersion\/","name":"Assembl\u00e9e Biblique du Bassin Ann\u00e9cien - ABBA - Eglise protestante \u00e9vang\u00e9lique - ANNECY","description":"Assembl\u00e9e Biblique du Bassin Ann\u00e9cien- Culte \u00e0 10h15","publisher":{"@id":"https:\/\/www.abba-annecy.org\/NewVersion\/#organization"},"alternateName":"ABBA - \u00e9glise Annecy","potentialAction":[{"@type":"SearchAction","target":{"@type":"EntryPoint","urlTemplate":"https:\/\/www.abba-annecy.org\/NewVersion\/?s={search_term_string}"},"query-input":{"@type":"PropertyValueSpecification","valueRequired":true,"valueName":"search_term_string"}}],"inLanguage":"fr-FR"},{"@type":"Organization","@id":"https:\/\/www.abba-annecy.org\/NewVersion\/#organization","name":"Assembl\u00e9e Biblique du Bassin Ann\u00e9cien - Eglise protestante \u00e9vang\u00e9lique - ANNECY","alternateName":"ABBA - \u00e9glise annecy","url":"https:\/\/www.abba-annecy.org\/NewVersion\/","logo":{"@type":"ImageObject","inLanguage":"fr-FR","@id":"https:\/\/www.abba-annecy.org\/NewVersion\/#\/schema\/logo\/image\/","url":"https:\/\/www.abba-annecy.org\/NewVersion\/wp-content\/uploads\/2023\/08\/logo.png","contentUrl":"https:\/\/www.abba-annecy.org\/NewVersion\/wp-content\/uploads\/2023\/08\/logo.png","width":1500,"height":511,"caption":"Assembl\u00e9e Biblique du Bassin Ann\u00e9cien - Eglise protestante \u00e9vang\u00e9lique - ANNECY"},"image":{"@id":"https:\/\/www.abba-annecy.org\/NewVersion\/#\/schema\/logo\/image\/"}}]}},"uagb_featured_image_src":{"full":["https:\/\/www.abba-annecy.org\/NewVersion\/wp-content\/uploads\/2023\/08\/Jeunesse.jpg",960,640,false],"thumbnail":["https:\/\/www.abba-annecy.org\/NewVersion\/wp-content\/uploads\/2023\/08\/Jeunesse-150x150.jpg",150,150,true],"medium":["https:\/\/www.abba-annecy.org\/NewVersion\/wp-content\/uploads\/2023\/08\/Jeunesse-300x200.jpg",300,200,true],"medium_large":["https:\/\/www.abba-annecy.org\/NewVersion\/wp-content\/uploads\/2023\/08\/Jeunesse-768x512.jpg",768,512,true],"large":["https:\/\/www.abba-annecy.org\/NewVersion\/wp-content\/uploads\/2023\/08\/Jeunesse.jpg",780,520,false],"1536x1536":["https:\/\/www.abba-annecy.org\/NewVersion\/wp-content\/uploads\/2023\/08\/Jeunesse.jpg",960,640,false],"2048x2048":["https:\/\/www.abba-annecy.org\/NewVersion\/wp-content\/uploads\/2023\/08\/Jeunesse.jpg",960,640,false],"post-thumbnail":["https:\/\/www.abba-annecy.org\/NewVersion\/wp-content\/uploads\/2023\/08\/Jeunesse-200x125.jpg",200,125,true],"faith-large-thumbnail":["https:\/\/www.abba-annecy.org\/NewVersion\/wp-content\/uploads\/2023\/08\/Jeunesse-960x500.jpg",960,500,true],"faith-medium-thumbnail":["https:\/\/www.abba-annecy.org\/NewVersion\/wp-content\/uploads\/2023\/08\/Jeunesse-800x250.jpg",800,250,true],"faith-normal-thumbnail":["https:\/\/www.abba-annecy.org\/NewVersion\/wp-content\/uploads\/2023\/08\/Jeunesse-480x300.jpg",480,300,true]},"uagb_author_info":{"display_name":"admin","author_link":"https:\/\/www.abba-annecy.org\/NewVersion\/author\/admin\/"},"uagb_comment_info":0,"uagb_excerpt":"Les enfants n\u2019assistent pas \u00e0 tout le culte. Apr\u00e8s 30 \u00e0 45 minutes avec l\u2019assembl\u00e9e, ils se retrouvent en 3 groupes selon leurs \u00e2ges ( maternelle, \u00e9l\u00e9mentaire, coll\u00e9giens et lyc\u00e9ens) [&hellip;]","_links":{"self":[{"href":"https:\/\/www.abba-annecy.org\/NewVersion\/wp-json\/wp\/v2\/pages\/2983","targetHints":{"allow":["GET"]}}],"collection":[{"href":"https:\/\/www.abba-annecy.org\/NewVersion\/wp-json\/wp\/v2\/pages"}],"about":[{"href":"https:\/\/www.abba-annecy.org\/NewVersion\/wp-json\/wp\/v2\/types\/page"}],"author":[{"embeddable":true,"href":"https:\/\/www.abba-annecy.org\/NewVersion\/wp-json\/wp\/v2\/users\/1"}],"replies":[{"embeddable":true,"href":"https:\/\/www.abba-annecy.org\/NewVersion\/wp-json\/wp\/v2\/comments?post=2983"}],"version-history":[{"count":9,"href":"https:\/\/www.abba-annecy.org\/NewVersion\/wp-json\/wp\/v2\/pages\/2983\/revisions"}],"predecessor-version":[{"id":3332,"href":"https:\/\/www.abba-annecy.org\/NewVersion\/wp-json\/wp\/v2\/pages\/2983\/revisions\/3332"}],"wp:featuredmedia":[{"embeddable":true,"href":"https:\/\/www.abba-annecy.org\/NewVersion\/wp-json\/wp\/v2\/media\/3037"}],"wp:attachment":[{"href":"https:\/\/www.abba-annecy.org\/NewVersion\/wp-json\/wp\/v2\/media?parent=2983"}],"curies":[{"name":"wp","href":"https:\/\/api.w.org\/{rel}","templated":true}]}}