{"id":2970,"date":"2023-08-01T15:34:12","date_gmt":"2023-08-01T13:34:12","guid":{"rendered":"https:\/\/www.abba-annecy.org\/NewVersion\/?page_id=2970"},"modified":"2024-10-17T11:18:21","modified_gmt":"2024-10-17T09:18:21","slug":"histoire-de-leglise","status":"publish","type":"page","link":"https:\/\/www.abba-annecy.org\/NewVersion\/histoire-de-leglise\/","title":{"rendered":"Histoire de l&rsquo;\u00e9glise"},"content":{"rendered":"\n<p><br>En 1998, suite au d\u00e9sir exprim\u00e9 par une 20aine de croyants d\u2019Annecy d\u2019avoir une nouvelle \u00e9glise qui accentue une \u00e9tude profonde de la Bible, La Mission TEAM France a envoy\u00e9 trois couples missionnaires am\u00e9ricains, les familles Niles, Webster et Anderson. Pendant un an, ils ont c\u00e9l\u00e9br\u00e9 des cultes une fois par mois \u00e0 l\u2019H\u00f4tel Novel.<\/p>\n\n\n\n<p>En 1999, la communaut\u00e9 grandissante devint officiellement une Association 1901 avec des cultes hebdomadaires d\u00e8s septembre. <\/p>\n\n\n\n<p>En 2000, une location de salle permanente \u00e0 Annecy-le-Vieux fut n\u00e9cessaire vue la croissance rapide de l\u2019assembl\u00e9e.<\/p>\n\n\n\n<p>En 2004, le b\u00e2timent, au 16 rue Lionel Terray, fut achet\u00e9 par ABBA et le premier culte fut c\u00e9l\u00e9br\u00e9 en juillet avec l\u2019inauguration officielle en janvier 2005.<\/p>\n\n\n\n<p><br>Depuis le d\u00e9but, ABBA a toujours eu des stagiaires de l\u2019Institut Biblique de Gen\u00e8ve.<br><\/p>\n","protected":false},"excerpt":{"rendered":"<p>En 1998, suite au d\u00e9sir exprim\u00e9 par une 20aine de croyants d\u2019Annecy d\u2019avoir une nouvelle \u00e9glise qui accentue une \u00e9tude profonde de la Bible, La Mission TEAM France a envoy\u00e9 [&hellip;]<\/p>\n","protected":false},"author":1,"featured_media":0,"parent":0,"menu_order":0,"comment_status":"closed","ping_status":"closed","template":"","meta":{"_uag_custom_page_level_css":"","footnotes":""},"class_list":["post-2970","page","type-page","status-publish","hentry"],"yoast_head":"<!-- This site is optimized with the Yoast SEO plugin v26.6 - https:\/\/yoast.com\/wordpress\/plugins\/seo\/ -->\n<title>Histoire de l&#039;\u00e9glise - ABBA- Eglise \u00e9vang\u00e9lique - ANNECY - Eglise protestante \u00e9vang\u00e9lique<\/title>\n<meta name=\"description\" content=\"D\u00e9couvrez en quelques dates l&#039;histoire de notre \u00e9glise ( sa cr\u00e9ation, son implantation actuelle). ABBA- Eglise \u00e9vang\u00e9lique - ANNECY\" \/>\n<meta name=\"robots\" content=\"index, follow, max-snippet:-1, max-image-preview:large, max-video-preview:-1\" \/>\n<link rel=\"canonical\" href=\"https:\/\/www.abba-annecy.org\/NewVersion\/histoire-de-leglise\/\" \/>\n<meta property=\"og:locale\" content=\"fr_FR\" \/>\n<meta property=\"og:type\" content=\"article\" \/>\n<meta property=\"og:title\" content=\"Histoire de l&#039;\u00e9glise - ABBA- Eglise \u00e9vang\u00e9lique - ANNECY - Eglise protestante \u00e9vang\u00e9lique\" \/>\n<meta property=\"og:description\" content=\"D\u00e9couvrez en quelques dates l&#039;histoire de notre \u00e9glise ( sa cr\u00e9ation, son implantation actuelle). ABBA- Eglise \u00e9vang\u00e9lique - ANNECY\" \/>\n<meta property=\"og:url\" content=\"https:\/\/www.abba-annecy.org\/NewVersion\/histoire-de-leglise\/\" \/>\n<meta property=\"og:site_name\" content=\"ABBA- Eglise \u00e9vang\u00e9lique - ANNECY\" \/>\n<meta property=\"article:modified_time\" content=\"2024-10-17T09:18:21+00:00\" \/>\n<meta property=\"og:image\" content=\"https:\/\/www.abba-annecy.org\/NewVersion\/wp-content\/uploads\/2023\/08\/logo.png\" \/>\n\t<meta property=\"og:image:width\" content=\"1500\" \/>\n\t<meta property=\"og:image:height\" content=\"511\" \/>\n\t<meta property=\"og:image:type\" content=\"image\/png\" \/>\n<meta name=\"twitter:card\" content=\"summary_large_image\" \/>\n<meta name=\"twitter:label1\" content=\"Dur\u00e9e de lecture estim\u00e9e\" \/>\n\t<meta name=\"twitter:data1\" content=\"1 minute\" \/>\n<script type=\"application\/ld+json\" class=\"yoast-schema-graph\">{\"@context\":\"https:\/\/schema.org\",\"@graph\":[{\"@type\":\"WebPage\",\"@id\":\"https:\/\/www.abba-annecy.org\/NewVersion\/histoire-de-leglise\/\",\"url\":\"https:\/\/www.abba-annecy.org\/NewVersion\/histoire-de-leglise\/\",\"name\":\"Histoire de l'\u00e9glise - ABBA- Eglise \u00e9vang\u00e9lique - ANNECY - Eglise protestante \u00e9vang\u00e9lique\",\"isPartOf\":{\"@id\":\"https:\/\/www.abba-annecy.org\/NewVersion\/#website\"},\"datePublished\":\"2023-08-01T13:34:12+00:00\",\"dateModified\":\"2024-10-17T09:18:21+00:00\",\"description\":\"D\u00e9couvrez en quelques dates l'histoire de notre \u00e9glise ( sa cr\u00e9ation, son implantation actuelle). ABBA- Eglise \u00e9vang\u00e9lique - ANNECY\",\"breadcrumb\":{\"@id\":\"https:\/\/www.abba-annecy.org\/NewVersion\/histoire-de-leglise\/#breadcrumb\"},\"inLanguage\":\"fr-FR\",\"potentialAction\":[{\"@type\":\"ReadAction\",\"target\":[\"https:\/\/www.abba-annecy.org\/NewVersion\/histoire-de-leglise\/\"]}]},{\"@type\":\"BreadcrumbList\",\"@id\":\"https:\/\/www.abba-annecy.org\/NewVersion\/histoire-de-leglise\/#breadcrumb\",\"itemListElement\":[{\"@type\":\"ListItem\",\"position\":1,\"name\":\"Accueil\",\"item\":\"https:\/\/www.abba-annecy.org\/NewVersion\/\"},{\"@type\":\"ListItem\",\"position\":2,\"name\":\"Histoire de l&rsquo;\u00e9glise\"}]},{\"@type\":\"WebSite\",\"@id\":\"https:\/\/www.abba-annecy.org\/NewVersion\/#website\",\"url\":\"https:\/\/www.abba-annecy.org\/NewVersion\/\",\"name\":\"Assembl\u00e9e Biblique du Bassin Ann\u00e9cien - ABBA - Eglise protestante \u00e9vang\u00e9lique - ANNECY\",\"description\":\"Assembl\u00e9e Biblique du Bassin Ann\u00e9cien- Culte \u00e0 10h15\",\"publisher\":{\"@id\":\"https:\/\/www.abba-annecy.org\/NewVersion\/#organization\"},\"alternateName\":\"ABBA - \u00e9glise Annecy\",\"potentialAction\":[{\"@type\":\"SearchAction\",\"target\":{\"@type\":\"EntryPoint\",\"urlTemplate\":\"https:\/\/www.abba-annecy.org\/NewVersion\/?s={search_term_string}\"},\"query-input\":{\"@type\":\"PropertyValueSpecification\",\"valueRequired\":true,\"valueName\":\"search_term_string\"}}],\"inLanguage\":\"fr-FR\"},{\"@type\":\"Organization\",\"@id\":\"https:\/\/www.abba-annecy.org\/NewVersion\/#organization\",\"name\":\"Assembl\u00e9e Biblique du Bassin Ann\u00e9cien - Eglise protestante \u00e9vang\u00e9lique - ANNECY\",\"alternateName\":\"ABBA - \u00e9glise annecy\",\"url\":\"https:\/\/www.abba-annecy.org\/NewVersion\/\",\"logo\":{\"@type\":\"ImageObject\",\"inLanguage\":\"fr-FR\",\"@id\":\"https:\/\/www.abba-annecy.org\/NewVersion\/#\/schema\/logo\/image\/\",\"url\":\"https:\/\/www.abba-annecy.org\/NewVersion\/wp-content\/uploads\/2023\/08\/logo.png\",\"contentUrl\":\"https:\/\/www.abba-annecy.org\/NewVersion\/wp-content\/uploads\/2023\/08\/logo.png\",\"width\":1500,\"height\":511,\"caption\":\"Assembl\u00e9e Biblique du Bassin Ann\u00e9cien - Eglise protestante \u00e9vang\u00e9lique - ANNECY\"},\"image\":{\"@id\":\"https:\/\/www.abba-annecy.org\/NewVersion\/#\/schema\/logo\/image\/\"}}]}<\/script>\n<!-- \/ Yoast SEO plugin. -->","yoast_head_json":{"title":"Histoire de l'\u00e9glise - ABBA- Eglise \u00e9vang\u00e9lique - ANNECY - Eglise protestante \u00e9vang\u00e9lique","description":"D\u00e9couvrez en quelques dates l'histoire de notre \u00e9glise ( sa cr\u00e9ation, son implantation actuelle). ABBA- Eglise \u00e9vang\u00e9lique - ANNECY","robots":{"index":"index","follow":"follow","max-snippet":"max-snippet:-1","max-image-preview":"max-image-preview:large","max-video-preview":"max-video-preview:-1"},"canonical":"https:\/\/www.abba-annecy.org\/NewVersion\/histoire-de-leglise\/","og_locale":"fr_FR","og_type":"article","og_title":"Histoire de l'\u00e9glise - ABBA- Eglise \u00e9vang\u00e9lique - ANNECY - Eglise protestante \u00e9vang\u00e9lique","og_description":"D\u00e9couvrez en quelques dates l'histoire de notre \u00e9glise ( sa cr\u00e9ation, son implantation actuelle). ABBA- Eglise \u00e9vang\u00e9lique - ANNECY","og_url":"https:\/\/www.abba-annecy.org\/NewVersion\/histoire-de-leglise\/","og_site_name":"ABBA- Eglise \u00e9vang\u00e9lique - ANNECY","article_modified_time":"2024-10-17T09:18:21+00:00","og_image":[{"width":1500,"height":511,"url":"https:\/\/www.abba-annecy.org\/NewVersion\/wp-content\/uploads\/2023\/08\/logo.png","type":"image\/png"}],"twitter_card":"summary_large_image","twitter_misc":{"Dur\u00e9e de lecture estim\u00e9e":"1 minute"},"schema":{"@context":"https:\/\/schema.org","@graph":[{"@type":"WebPage","@id":"https:\/\/www.abba-annecy.org\/NewVersion\/histoire-de-leglise\/","url":"https:\/\/www.abba-annecy.org\/NewVersion\/histoire-de-leglise\/","name":"Histoire de l'\u00e9glise - ABBA- Eglise \u00e9vang\u00e9lique - ANNECY - Eglise protestante \u00e9vang\u00e9lique","isPartOf":{"@id":"https:\/\/www.abba-annecy.org\/NewVersion\/#website"},"datePublished":"2023-08-01T13:34:12+00:00","dateModified":"2024-10-17T09:18:21+00:00","description":"D\u00e9couvrez en quelques dates l'histoire de notre \u00e9glise ( sa cr\u00e9ation, son implantation actuelle). ABBA- Eglise \u00e9vang\u00e9lique - ANNECY","breadcrumb":{"@id":"https:\/\/www.abba-annecy.org\/NewVersion\/histoire-de-leglise\/#breadcrumb"},"inLanguage":"fr-FR","potentialAction":[{"@type":"ReadAction","target":["https:\/\/www.abba-annecy.org\/NewVersion\/histoire-de-leglise\/"]}]},{"@type":"BreadcrumbList","@id":"https:\/\/www.abba-annecy.org\/NewVersion\/histoire-de-leglise\/#breadcrumb","itemListElement":[{"@type":"ListItem","position":1,"name":"Accueil","item":"https:\/\/www.abba-annecy.org\/NewVersion\/"},{"@type":"ListItem","position":2,"name":"Histoire de l&rsquo;\u00e9glise"}]},{"@type":"WebSite","@id":"https:\/\/www.abba-annecy.org\/NewVersion\/#website","url":"https:\/\/www.abba-annecy.org\/NewVersion\/","name":"Assembl\u00e9e Biblique du Bassin Ann\u00e9cien - ABBA - Eglise protestante \u00e9vang\u00e9lique - ANNECY","description":"Assembl\u00e9e Biblique du Bassin Ann\u00e9cien- Culte \u00e0 10h15","publisher":{"@id":"https:\/\/www.abba-annecy.org\/NewVersion\/#organization"},"alternateName":"ABBA - \u00e9glise Annecy","potentialAction":[{"@type":"SearchAction","target":{"@type":"EntryPoint","urlTemplate":"https:\/\/www.abba-annecy.org\/NewVersion\/?s={search_term_string}"},"query-input":{"@type":"PropertyValueSpecification","valueRequired":true,"valueName":"search_term_string"}}],"inLanguage":"fr-FR"},{"@type":"Organization","@id":"https:\/\/www.abba-annecy.org\/NewVersion\/#organization","name":"Assembl\u00e9e Biblique du Bassin Ann\u00e9cien - Eglise protestante \u00e9vang\u00e9lique - ANNECY","alternateName":"ABBA - \u00e9glise annecy","url":"https:\/\/www.abba-annecy.org\/NewVersion\/","logo":{"@type":"ImageObject","inLanguage":"fr-FR","@id":"https:\/\/www.abba-annecy.org\/NewVersion\/#\/schema\/logo\/image\/","url":"https:\/\/www.abba-annecy.org\/NewVersion\/wp-content\/uploads\/2023\/08\/logo.png","contentUrl":"https:\/\/www.abba-annecy.org\/NewVersion\/wp-content\/uploads\/2023\/08\/logo.png","width":1500,"height":511,"caption":"Assembl\u00e9e Biblique du Bassin Ann\u00e9cien - Eglise protestante \u00e9vang\u00e9lique - ANNECY"},"image":{"@id":"https:\/\/www.abba-annecy.org\/NewVersion\/#\/schema\/logo\/image\/"}}]}},"uagb_featured_image_src":{"full":false,"thumbnail":false,"medium":false,"medium_large":false,"large":false,"1536x1536":false,"2048x2048":false,"post-thumbnail":false,"faith-large-thumbnail":false,"faith-medium-thumbnail":false,"faith-normal-thumbnail":false},"uagb_author_info":{"display_name":"admin","author_link":"https:\/\/www.abba-annecy.org\/NewVersion\/author\/admin\/"},"uagb_comment_info":0,"uagb_excerpt":"En 1998, suite au d\u00e9sir exprim\u00e9 par une 20aine de croyants d\u2019Annecy d\u2019avoir une nouvelle \u00e9glise qui accentue une \u00e9tude profonde de la Bible, La Mission TEAM France a envoy\u00e9 [&hellip;]","_links":{"self":[{"href":"https:\/\/www.abba-annecy.org\/NewVersion\/wp-json\/wp\/v2\/pages\/2970","targetHints":{"allow":["GET"]}}],"collection":[{"href":"https:\/\/www.abba-annecy.org\/NewVersion\/wp-json\/wp\/v2\/pages"}],"about":[{"href":"https:\/\/www.abba-annecy.org\/NewVersion\/wp-json\/wp\/v2\/types\/page"}],"author":[{"embeddable":true,"href":"https:\/\/www.abba-annecy.org\/NewVersion\/wp-json\/wp\/v2\/users\/1"}],"replies":[{"embeddable":true,"href":"https:\/\/www.abba-annecy.org\/NewVersion\/wp-json\/wp\/v2\/comments?post=2970"}],"version-history":[{"count":4,"href":"https:\/\/www.abba-annecy.org\/NewVersion\/wp-json\/wp\/v2\/pages\/2970\/revisions"}],"predecessor-version":[{"id":3165,"href":"https:\/\/www.abba-annecy.org\/NewVersion\/wp-json\/wp\/v2\/pages\/2970\/revisions\/3165"}],"wp:attachment":[{"href":"https:\/\/www.abba-annecy.org\/NewVersion\/wp-json\/wp\/v2\/media?parent=2970"}],"curies":[{"name":"wp","href":"https:\/\/api.w.org\/{rel}","templated":true}]}}