{"id":1983,"date":"2018-11-05T14:03:42","date_gmt":"2018-11-05T13:03:42","guid":{"rendered":"http:\/\/www.abba-annecy.org\/?page_id=1983"},"modified":"2025-04-25T09:00:25","modified_gmt":"2025-04-25T07:00:25","slug":"faire-un-don-abba-activites","status":"publish","type":"page","link":"https:\/\/www.abba-annecy.org\/NewVersion\/faire-un-don-abba-activites\/","title":{"rendered":"Faire un don &#8211; ABBA Activit\u00e9s"},"content":{"rendered":"<p><em>Mission, entraide, \u00e9vang\u00e9lisation, aide au financement de camps&#8230;<\/em><\/p>\n\n\n\t\t\t<iframe\n\t\t\t\tid=\"idIframe\"\n\t\t\t\tsrc=\"https:\/\/www.helloasso.com\/associations\/abba-activites\/formulaires\/1\/widget\"\n\t\t\t\theight=750px\"\t\t\t\twidth=100%\"\t\t\t\tframeborder=\"0\"\n\t\t\t\tloading=\"lazy\"\n\t\t\t\tallowtransparency=\"true\"\n\t\t\t\tonload=\"resizeIframeMessage()\"><\/iframe>\n\n","protected":false},"excerpt":{"rendered":"<p>Mission, entraide, \u00e9vang\u00e9lisation, aide au financement de camps&#8230;<\/p>\n","protected":false},"author":1,"featured_media":0,"parent":0,"menu_order":0,"comment_status":"closed","ping_status":"closed","template":"","meta":{"_uag_custom_page_level_css":"","footnotes":""},"class_list":["post-1983","page","type-page","status-publish","hentry"],"yoast_head":"<!-- This site is optimized with the Yoast SEO plugin v26.6 - https:\/\/yoast.com\/wordpress\/plugins\/seo\/ -->\n<title>Faire un don - ABBA Activit\u00e9s - ABBA- Eglise \u00e9vang\u00e9lique - ANNECY Annecy - Eglise protestante \u00e9vang\u00e9lique<\/title>\n<meta name=\"robots\" content=\"index, follow, max-snippet:-1, max-image-preview:large, max-video-preview:-1\" \/>\n<link rel=\"canonical\" href=\"https:\/\/www.abba-annecy.org\/NewVersion\/faire-un-don-abba-activites\/\" \/>\n<meta property=\"og:locale\" content=\"fr_FR\" \/>\n<meta property=\"og:type\" content=\"article\" \/>\n<meta property=\"og:title\" content=\"Faire un don - ABBA Activit\u00e9s - ABBA- Eglise \u00e9vang\u00e9lique - ANNECY Annecy - Eglise protestante \u00e9vang\u00e9lique\" \/>\n<meta property=\"og:description\" content=\"Mission, entraide, \u00e9vang\u00e9lisation, aide au financement de camps&#8230;\" \/>\n<meta property=\"og:url\" content=\"https:\/\/www.abba-annecy.org\/NewVersion\/faire-un-don-abba-activites\/\" \/>\n<meta property=\"og:site_name\" content=\"ABBA- Eglise \u00e9vang\u00e9lique - ANNECY\" \/>\n<meta property=\"article:modified_time\" content=\"2025-04-25T07:00:25+00:00\" \/>\n<meta property=\"og:image\" content=\"https:\/\/www.abba-annecy.org\/NewVersion\/wp-content\/uploads\/2023\/08\/logo.png\" \/>\n\t<meta property=\"og:image:width\" content=\"1500\" \/>\n\t<meta property=\"og:image:height\" content=\"511\" \/>\n\t<meta property=\"og:image:type\" content=\"image\/png\" \/>\n<meta name=\"twitter:card\" content=\"summary_large_image\" \/>\n<meta name=\"twitter:label1\" content=\"Dur\u00e9e de lecture estim\u00e9e\" \/>\n\t<meta name=\"twitter:data1\" content=\"1 minute\" \/>\n<script type=\"application\/ld+json\" class=\"yoast-schema-graph\">{\"@context\":\"https:\/\/schema.org\",\"@graph\":[{\"@type\":\"WebPage\",\"@id\":\"https:\/\/www.abba-annecy.org\/NewVersion\/faire-un-don-abba-activites\/\",\"url\":\"https:\/\/www.abba-annecy.org\/NewVersion\/faire-un-don-abba-activites\/\",\"name\":\"Faire un don - ABBA Activit\u00e9s - ABBA- Eglise \u00e9vang\u00e9lique - ANNECY Annecy - Eglise protestante \u00e9vang\u00e9lique\",\"isPartOf\":{\"@id\":\"https:\/\/www.abba-annecy.org\/NewVersion\/#website\"},\"datePublished\":\"2018-11-05T13:03:42+00:00\",\"dateModified\":\"2025-04-25T07:00:25+00:00\",\"breadcrumb\":{\"@id\":\"https:\/\/www.abba-annecy.org\/NewVersion\/faire-un-don-abba-activites\/#breadcrumb\"},\"inLanguage\":\"fr-FR\",\"potentialAction\":[{\"@type\":\"ReadAction\",\"target\":[\"https:\/\/www.abba-annecy.org\/NewVersion\/faire-un-don-abba-activites\/\"]}]},{\"@type\":\"BreadcrumbList\",\"@id\":\"https:\/\/www.abba-annecy.org\/NewVersion\/faire-un-don-abba-activites\/#breadcrumb\",\"itemListElement\":[{\"@type\":\"ListItem\",\"position\":1,\"name\":\"Accueil\",\"item\":\"https:\/\/www.abba-annecy.org\/NewVersion\/\"},{\"@type\":\"ListItem\",\"position\":2,\"name\":\"Faire un don &#8211; ABBA Activit\u00e9s\"}]},{\"@type\":\"WebSite\",\"@id\":\"https:\/\/www.abba-annecy.org\/NewVersion\/#website\",\"url\":\"https:\/\/www.abba-annecy.org\/NewVersion\/\",\"name\":\"Assembl\u00e9e Biblique du Bassin Ann\u00e9cien - ABBA - Eglise protestante \u00e9vang\u00e9lique - ANNECY\",\"description\":\"Assembl\u00e9e Biblique du Bassin Ann\u00e9cien- Culte \u00e0 10h15\",\"publisher\":{\"@id\":\"https:\/\/www.abba-annecy.org\/NewVersion\/#organization\"},\"alternateName\":\"ABBA - \u00e9glise Annecy\",\"potentialAction\":[{\"@type\":\"SearchAction\",\"target\":{\"@type\":\"EntryPoint\",\"urlTemplate\":\"https:\/\/www.abba-annecy.org\/NewVersion\/?s={search_term_string}\"},\"query-input\":{\"@type\":\"PropertyValueSpecification\",\"valueRequired\":true,\"valueName\":\"search_term_string\"}}],\"inLanguage\":\"fr-FR\"},{\"@type\":\"Organization\",\"@id\":\"https:\/\/www.abba-annecy.org\/NewVersion\/#organization\",\"name\":\"Assembl\u00e9e Biblique du Bassin Ann\u00e9cien - Eglise protestante \u00e9vang\u00e9lique - ANNECY\",\"alternateName\":\"ABBA - \u00e9glise annecy\",\"url\":\"https:\/\/www.abba-annecy.org\/NewVersion\/\",\"logo\":{\"@type\":\"ImageObject\",\"inLanguage\":\"fr-FR\",\"@id\":\"https:\/\/www.abba-annecy.org\/NewVersion\/#\/schema\/logo\/image\/\",\"url\":\"https:\/\/www.abba-annecy.org\/NewVersion\/wp-content\/uploads\/2023\/08\/logo.png\",\"contentUrl\":\"https:\/\/www.abba-annecy.org\/NewVersion\/wp-content\/uploads\/2023\/08\/logo.png\",\"width\":1500,\"height\":511,\"caption\":\"Assembl\u00e9e Biblique du Bassin Ann\u00e9cien - Eglise protestante \u00e9vang\u00e9lique - ANNECY\"},\"image\":{\"@id\":\"https:\/\/www.abba-annecy.org\/NewVersion\/#\/schema\/logo\/image\/\"}}]}<\/script>\n<!-- \/ Yoast SEO plugin. -->","yoast_head_json":{"title":"Faire un don - ABBA Activit\u00e9s - ABBA- Eglise \u00e9vang\u00e9lique - ANNECY Annecy - Eglise protestante \u00e9vang\u00e9lique","robots":{"index":"index","follow":"follow","max-snippet":"max-snippet:-1","max-image-preview":"max-image-preview:large","max-video-preview":"max-video-preview:-1"},"canonical":"https:\/\/www.abba-annecy.org\/NewVersion\/faire-un-don-abba-activites\/","og_locale":"fr_FR","og_type":"article","og_title":"Faire un don - ABBA Activit\u00e9s - ABBA- Eglise \u00e9vang\u00e9lique - ANNECY Annecy - Eglise protestante \u00e9vang\u00e9lique","og_description":"Mission, entraide, \u00e9vang\u00e9lisation, aide au financement de camps&#8230;","og_url":"https:\/\/www.abba-annecy.org\/NewVersion\/faire-un-don-abba-activites\/","og_site_name":"ABBA- Eglise \u00e9vang\u00e9lique - ANNECY","article_modified_time":"2025-04-25T07:00:25+00:00","og_image":[{"width":1500,"height":511,"url":"https:\/\/www.abba-annecy.org\/NewVersion\/wp-content\/uploads\/2023\/08\/logo.png","type":"image\/png"}],"twitter_card":"summary_large_image","twitter_misc":{"Dur\u00e9e de lecture estim\u00e9e":"1 minute"},"schema":{"@context":"https:\/\/schema.org","@graph":[{"@type":"WebPage","@id":"https:\/\/www.abba-annecy.org\/NewVersion\/faire-un-don-abba-activites\/","url":"https:\/\/www.abba-annecy.org\/NewVersion\/faire-un-don-abba-activites\/","name":"Faire un don - ABBA Activit\u00e9s - ABBA- Eglise \u00e9vang\u00e9lique - ANNECY Annecy - Eglise protestante \u00e9vang\u00e9lique","isPartOf":{"@id":"https:\/\/www.abba-annecy.org\/NewVersion\/#website"},"datePublished":"2018-11-05T13:03:42+00:00","dateModified":"2025-04-25T07:00:25+00:00","breadcrumb":{"@id":"https:\/\/www.abba-annecy.org\/NewVersion\/faire-un-don-abba-activites\/#breadcrumb"},"inLanguage":"fr-FR","potentialAction":[{"@type":"ReadAction","target":["https:\/\/www.abba-annecy.org\/NewVersion\/faire-un-don-abba-activites\/"]}]},{"@type":"BreadcrumbList","@id":"https:\/\/www.abba-annecy.org\/NewVersion\/faire-un-don-abba-activites\/#breadcrumb","itemListElement":[{"@type":"ListItem","position":1,"name":"Accueil","item":"https:\/\/www.abba-annecy.org\/NewVersion\/"},{"@type":"ListItem","position":2,"name":"Faire un don &#8211; ABBA Activit\u00e9s"}]},{"@type":"WebSite","@id":"https:\/\/www.abba-annecy.org\/NewVersion\/#website","url":"https:\/\/www.abba-annecy.org\/NewVersion\/","name":"Assembl\u00e9e Biblique du Bassin Ann\u00e9cien - ABBA - Eglise protestante \u00e9vang\u00e9lique - ANNECY","description":"Assembl\u00e9e Biblique du Bassin Ann\u00e9cien- Culte \u00e0 10h15","publisher":{"@id":"https:\/\/www.abba-annecy.org\/NewVersion\/#organization"},"alternateName":"ABBA - \u00e9glise Annecy","potentialAction":[{"@type":"SearchAction","target":{"@type":"EntryPoint","urlTemplate":"https:\/\/www.abba-annecy.org\/NewVersion\/?s={search_term_string}"},"query-input":{"@type":"PropertyValueSpecification","valueRequired":true,"valueName":"search_term_string"}}],"inLanguage":"fr-FR"},{"@type":"Organization","@id":"https:\/\/www.abba-annecy.org\/NewVersion\/#organization","name":"Assembl\u00e9e Biblique du Bassin Ann\u00e9cien - Eglise protestante \u00e9vang\u00e9lique - ANNECY","alternateName":"ABBA - \u00e9glise annecy","url":"https:\/\/www.abba-annecy.org\/NewVersion\/","logo":{"@type":"ImageObject","inLanguage":"fr-FR","@id":"https:\/\/www.abba-annecy.org\/NewVersion\/#\/schema\/logo\/image\/","url":"https:\/\/www.abba-annecy.org\/NewVersion\/wp-content\/uploads\/2023\/08\/logo.png","contentUrl":"https:\/\/www.abba-annecy.org\/NewVersion\/wp-content\/uploads\/2023\/08\/logo.png","width":1500,"height":511,"caption":"Assembl\u00e9e Biblique du Bassin Ann\u00e9cien - Eglise protestante \u00e9vang\u00e9lique - ANNECY"},"image":{"@id":"https:\/\/www.abba-annecy.org\/NewVersion\/#\/schema\/logo\/image\/"}}]}},"uagb_featured_image_src":{"full":false,"thumbnail":false,"medium":false,"medium_large":false,"large":false,"1536x1536":false,"2048x2048":false,"post-thumbnail":false,"faith-large-thumbnail":false,"faith-medium-thumbnail":false,"faith-normal-thumbnail":false},"uagb_author_info":{"display_name":"admin","author_link":"https:\/\/www.abba-annecy.org\/NewVersion\/author\/admin\/"},"uagb_comment_info":0,"uagb_excerpt":"Mission, entraide, \u00e9vang\u00e9lisation, aide au financement de camps&#8230;","_links":{"self":[{"href":"https:\/\/www.abba-annecy.org\/NewVersion\/wp-json\/wp\/v2\/pages\/1983","targetHints":{"allow":["GET"]}}],"collection":[{"href":"https:\/\/www.abba-annecy.org\/NewVersion\/wp-json\/wp\/v2\/pages"}],"about":[{"href":"https:\/\/www.abba-annecy.org\/NewVersion\/wp-json\/wp\/v2\/types\/page"}],"author":[{"embeddable":true,"href":"https:\/\/www.abba-annecy.org\/NewVersion\/wp-json\/wp\/v2\/users\/1"}],"replies":[{"embeddable":true,"href":"https:\/\/www.abba-annecy.org\/NewVersion\/wp-json\/wp\/v2\/comments?post=1983"}],"version-history":[{"count":1,"href":"https:\/\/www.abba-annecy.org\/NewVersion\/wp-json\/wp\/v2\/pages\/1983\/revisions"}],"predecessor-version":[{"id":3408,"href":"https:\/\/www.abba-annecy.org\/NewVersion\/wp-json\/wp\/v2\/pages\/1983\/revisions\/3408"}],"wp:attachment":[{"href":"https:\/\/www.abba-annecy.org\/NewVersion\/wp-json\/wp\/v2\/media?parent=1983"}],"curies":[{"name":"wp","href":"https:\/\/api.w.org\/{rel}","templated":true}]}}