{"id":11,"date":"2013-05-30T16:16:03","date_gmt":"2013-05-30T14:16:03","guid":{"rendered":"http:\/\/www.abba-annecy.org\/NewSite\/?page_id=8"},"modified":"2023-09-11T22:29:36","modified_gmt":"2023-09-11T20:29:36","slug":"activites","status":"publish","type":"page","link":"https:\/\/www.abba-annecy.org\/NewVersion\/activites\/","title":{"rendered":"Activit\u00e9s"},"content":{"rendered":"\n<figure class=\"wp-block-gallery has-nested-images columns-default is-cropped wp-block-gallery-1 is-layout-flex wp-block-gallery-is-layout-flex\">\n<figure class=\"wp-block-image size-large\"><a href=\"https:\/\/www.abba-annecy.org\/NewVersion\/jeunesse\/\"><img loading=\"lazy\" decoding=\"async\" width=\"960\" height=\"640\" data-id=\"3077\" src=\"https:\/\/www.abba-annecy.org\/NewVersion\/wp-content\/uploads\/2023\/08\/Jeunesse-1.jpg\" alt=\"\" class=\"wp-image-3077\" srcset=\"https:\/\/www.abba-annecy.org\/NewVersion\/wp-content\/uploads\/2023\/08\/Jeunesse-1.jpg 960w, https:\/\/www.abba-annecy.org\/NewVersion\/wp-content\/uploads\/2023\/08\/Jeunesse-1-300x200.jpg 300w, https:\/\/www.abba-annecy.org\/NewVersion\/wp-content\/uploads\/2023\/08\/Jeunesse-1-768x512.jpg 768w\" sizes=\"auto, (max-width: 960px) 100vw, 960px\" \/><\/a><figcaption class=\"wp-element-caption\">Jeunesse<\/figcaption><\/figure>\n\n\n\n<figure class=\"wp-block-image size-large\"><a href=\"https:\/\/www.abba-annecy.org\/NewVersion\/louange-2\/\"><img loading=\"lazy\" decoding=\"async\" width=\"1024\" height=\"683\" data-id=\"3071\" src=\"https:\/\/www.abba-annecy.org\/NewVersion\/wp-content\/uploads\/2023\/08\/photo-1543171619-26386da8f3e5-1-1024x683.webp\" alt=\"\" class=\"wp-image-3071\" srcset=\"https:\/\/www.abba-annecy.org\/NewVersion\/wp-content\/uploads\/2023\/08\/photo-1543171619-26386da8f3e5-1-1024x683.webp 1024w, https:\/\/www.abba-annecy.org\/NewVersion\/wp-content\/uploads\/2023\/08\/photo-1543171619-26386da8f3e5-1-300x200.webp 300w, https:\/\/www.abba-annecy.org\/NewVersion\/wp-content\/uploads\/2023\/08\/photo-1543171619-26386da8f3e5-1-768x512.webp 768w, https:\/\/www.abba-annecy.org\/NewVersion\/wp-content\/uploads\/2023\/08\/photo-1543171619-26386da8f3e5-1.webp 1170w\" sizes=\"auto, (max-width: 1024px) 100vw, 1024px\" \/><\/a><figcaption class=\"wp-element-caption\">Louange<\/figcaption><\/figure>\n\n\n\n<figure class=\"wp-block-image size-large\"><a href=\"https:\/\/www.abba-annecy.org\/NewVersion\/seniors\/\"><img loading=\"lazy\" decoding=\"async\" width=\"1024\" height=\"576\" data-id=\"3072\" src=\"https:\/\/www.abba-annecy.org\/NewVersion\/wp-content\/uploads\/2023\/08\/photo-1461595520627-42e3c83019bc-1-1024x576.webp\" alt=\"\" class=\"wp-image-3072\" srcset=\"https:\/\/www.abba-annecy.org\/NewVersion\/wp-content\/uploads\/2023\/08\/photo-1461595520627-42e3c83019bc-1-1024x576.webp 1024w, https:\/\/www.abba-annecy.org\/NewVersion\/wp-content\/uploads\/2023\/08\/photo-1461595520627-42e3c83019bc-1-300x169.webp 300w, https:\/\/www.abba-annecy.org\/NewVersion\/wp-content\/uploads\/2023\/08\/photo-1461595520627-42e3c83019bc-1-768x432.webp 768w, https:\/\/www.abba-annecy.org\/NewVersion\/wp-content\/uploads\/2023\/08\/photo-1461595520627-42e3c83019bc-1-1536x864.webp 1536w, https:\/\/www.abba-annecy.org\/NewVersion\/wp-content\/uploads\/2023\/08\/photo-1461595520627-42e3c83019bc-1.webp 1932w\" sizes=\"auto, (max-width: 1024px) 100vw, 1024px\" \/><\/a><figcaption class=\"wp-element-caption\">Seniors<\/figcaption><\/figure>\n\n\n\n<figure class=\"wp-block-image size-large\"><a href=\"https:\/\/www.abba-annecy.org\/NewVersion\/priere\/\"><img loading=\"lazy\" decoding=\"async\" width=\"1024\" height=\"683\" data-id=\"3079\" src=\"https:\/\/www.abba-annecy.org\/NewVersion\/wp-content\/uploads\/2023\/08\/jon-tyson-zFsaP-rjWr4-unsplash-2-1024x683.jpg\" alt=\"\" class=\"wp-image-3079\" srcset=\"https:\/\/www.abba-annecy.org\/NewVersion\/wp-content\/uploads\/2023\/08\/jon-tyson-zFsaP-rjWr4-unsplash-2-1024x683.jpg 1024w, https:\/\/www.abba-annecy.org\/NewVersion\/wp-content\/uploads\/2023\/08\/jon-tyson-zFsaP-rjWr4-unsplash-2-300x200.jpg 300w, https:\/\/www.abba-annecy.org\/NewVersion\/wp-content\/uploads\/2023\/08\/jon-tyson-zFsaP-rjWr4-unsplash-2-768x512.jpg 768w, https:\/\/www.abba-annecy.org\/NewVersion\/wp-content\/uploads\/2023\/08\/jon-tyson-zFsaP-rjWr4-unsplash-2-1536x1024.jpg 1536w, https:\/\/www.abba-annecy.org\/NewVersion\/wp-content\/uploads\/2023\/08\/jon-tyson-zFsaP-rjWr4-unsplash-2-2048x1365.jpg 2048w\" sizes=\"auto, (max-width: 1024px) 100vw, 1024px\" \/><\/a><figcaption class=\"wp-element-caption\">Pri\u00e8re<\/figcaption><\/figure>\n\n\n\n<figure class=\"wp-block-image size-large\"><a href=\"https:\/\/www.abba-annecy.org\/NewVersion\/groupes-de-maison\/\"><img loading=\"lazy\" decoding=\"async\" width=\"1024\" height=\"683\" data-id=\"3075\" src=\"https:\/\/www.abba-annecy.org\/NewVersion\/wp-content\/uploads\/2023\/08\/cassidy-rowell-aawzgWHBhfE-unsplash-2-1024x683.jpg\" alt=\"\" class=\"wp-image-3075\" srcset=\"https:\/\/www.abba-annecy.org\/NewVersion\/wp-content\/uploads\/2023\/08\/cassidy-rowell-aawzgWHBhfE-unsplash-2-1024x683.jpg 1024w, https:\/\/www.abba-annecy.org\/NewVersion\/wp-content\/uploads\/2023\/08\/cassidy-rowell-aawzgWHBhfE-unsplash-2-300x200.jpg 300w, https:\/\/www.abba-annecy.org\/NewVersion\/wp-content\/uploads\/2023\/08\/cassidy-rowell-aawzgWHBhfE-unsplash-2-768x512.jpg 768w, https:\/\/www.abba-annecy.org\/NewVersion\/wp-content\/uploads\/2023\/08\/cassidy-rowell-aawzgWHBhfE-unsplash-2-1536x1024.jpg 1536w, https:\/\/www.abba-annecy.org\/NewVersion\/wp-content\/uploads\/2023\/08\/cassidy-rowell-aawzgWHBhfE-unsplash-2-2048x1365.jpg 2048w\" sizes=\"auto, (max-width: 1024px) 100vw, 1024px\" \/><\/a><figcaption class=\"wp-element-caption\">Groupes de Maison<\/figcaption><\/figure>\n\n\n\n<figure class=\"wp-block-image size-large\"><a href=\"https:\/\/www.abba-annecy.org\/NewVersion\/repas-frat\/\"><img loading=\"lazy\" decoding=\"async\" width=\"1024\" height=\"683\" data-id=\"3078\" src=\"https:\/\/www.abba-annecy.org\/NewVersion\/wp-content\/uploads\/2023\/08\/photo-1576867757603-05b134ebc379-1024x683.webp\" alt=\"\" class=\"wp-image-3078\" srcset=\"https:\/\/www.abba-annecy.org\/NewVersion\/wp-content\/uploads\/2023\/08\/photo-1576867757603-05b134ebc379-1024x683.webp 1024w, https:\/\/www.abba-annecy.org\/NewVersion\/wp-content\/uploads\/2023\/08\/photo-1576867757603-05b134ebc379-300x200.webp 300w, https:\/\/www.abba-annecy.org\/NewVersion\/wp-content\/uploads\/2023\/08\/photo-1576867757603-05b134ebc379-768x512.webp 768w, https:\/\/www.abba-annecy.org\/NewVersion\/wp-content\/uploads\/2023\/08\/photo-1576867757603-05b134ebc379-1536x1024.webp 1536w, https:\/\/www.abba-annecy.org\/NewVersion\/wp-content\/uploads\/2023\/08\/photo-1576867757603-05b134ebc379.webp 1770w\" sizes=\"auto, (max-width: 1024px) 100vw, 1024px\" \/><\/a><figcaption class=\"wp-element-caption\">Repas Frat&rsquo;<\/figcaption><\/figure>\n<\/figure>\n\n\n\n<figure class=\"wp-block-gallery has-nested-images columns-default is-cropped wp-block-gallery-2 is-layout-flex wp-block-gallery-is-layout-flex\">\n<figure class=\"wp-block-image size-large\"><img loading=\"lazy\" decoding=\"async\" width=\"1024\" height=\"684\" data-id=\"3122\" src=\"https:\/\/www.abba-annecy.org\/NewVersion\/wp-content\/uploads\/2023\/08\/ben-white-gEKMstKfZ6w-unsplash-1024x684.jpg\" alt=\"\" class=\"wp-image-3122\" srcset=\"https:\/\/www.abba-annecy.org\/NewVersion\/wp-content\/uploads\/2023\/08\/ben-white-gEKMstKfZ6w-unsplash-1024x684.jpg 1024w, https:\/\/www.abba-annecy.org\/NewVersion\/wp-content\/uploads\/2023\/08\/ben-white-gEKMstKfZ6w-unsplash-300x200.jpg 300w, https:\/\/www.abba-annecy.org\/NewVersion\/wp-content\/uploads\/2023\/08\/ben-white-gEKMstKfZ6w-unsplash-768x513.jpg 768w, https:\/\/www.abba-annecy.org\/NewVersion\/wp-content\/uploads\/2023\/08\/ben-white-gEKMstKfZ6w-unsplash-1536x1025.jpg 1536w, https:\/\/www.abba-annecy.org\/NewVersion\/wp-content\/uploads\/2023\/08\/ben-white-gEKMstKfZ6w-unsplash-2048x1367.jpg 2048w\" sizes=\"auto, (max-width: 1024px) 100vw, 1024px\" \/><figcaption class=\"wp-element-caption\">Mission<\/figcaption><\/figure>\n\n\n\n<figure class=\"wp-block-image size-large\"><a href=\"https:\/\/www.abba-annecy.org\/NewVersion\/maraude-coeur-despoir\/\"><img loading=\"lazy\" decoding=\"async\" width=\"768\" height=\"512\" data-id=\"3110\" src=\"https:\/\/www.abba-annecy.org\/NewVersion\/wp-content\/uploads\/2023\/08\/sdf-1-768x512-1.jpg\" alt=\"\" class=\"wp-image-3110\" srcset=\"https:\/\/www.abba-annecy.org\/NewVersion\/wp-content\/uploads\/2023\/08\/sdf-1-768x512-1.jpg 768w, https:\/\/www.abba-annecy.org\/NewVersion\/wp-content\/uploads\/2023\/08\/sdf-1-768x512-1-300x200.jpg 300w\" sizes=\"auto, (max-width: 768px) 100vw, 768px\" \/><\/a><figcaption class=\"wp-element-caption\">Maraudes Coeurs d&rsquo;Espoir<\/figcaption><\/figure>\n\n\n\n<figure class=\"wp-block-image size-full\"><a href=\"https:\/\/www.abba-annecy.org\/NewVersion\/lire-la-bible-en-eglise\/\"><img loading=\"lazy\" decoding=\"async\" width=\"534\" height=\"354\" data-id=\"3140\" src=\"https:\/\/www.abba-annecy.org\/NewVersion\/wp-content\/uploads\/2023\/08\/9782362496646_4_534x354.webp\" alt=\"\" class=\"wp-image-3140\" srcset=\"https:\/\/www.abba-annecy.org\/NewVersion\/wp-content\/uploads\/2023\/08\/9782362496646_4_534x354.webp 534w, https:\/\/www.abba-annecy.org\/NewVersion\/wp-content\/uploads\/2023\/08\/9782362496646_4_534x354-300x199.webp 300w\" sizes=\"auto, (max-width: 534px) 100vw, 534px\" \/><\/a><figcaption class=\"wp-element-caption\">Lire la Bible en Eglise<\/figcaption><\/figure>\n<\/figure>\n","protected":false},"excerpt":{"rendered":"","protected":false},"author":1,"featured_media":3054,"parent":0,"menu_order":3,"comment_status":"closed","ping_status":"closed","template":"","meta":{"_uag_custom_page_level_css":"","footnotes":""},"class_list":["post-11","page","type-page","status-publish","has-post-thumbnail","hentry"],"yoast_head":"<!-- This site is optimized with the Yoast SEO plugin v26.6 - https:\/\/yoast.com\/wordpress\/plugins\/seo\/ -->\n<title>Activit\u00e9s - ABBA- Eglise \u00e9vang\u00e9lique - ANNECY Annecy - Eglise protestante \u00e9vang\u00e9lique<\/title>\n<meta name=\"robots\" content=\"index, follow, max-snippet:-1, max-image-preview:large, max-video-preview:-1\" \/>\n<link rel=\"canonical\" href=\"https:\/\/www.abba-annecy.org\/NewVersion\/activites\/\" \/>\n<meta property=\"og:locale\" content=\"fr_FR\" \/>\n<meta property=\"og:type\" content=\"article\" \/>\n<meta property=\"og:title\" content=\"Activit\u00e9s - ABBA- Eglise \u00e9vang\u00e9lique - ANNECY Annecy - Eglise protestante \u00e9vang\u00e9lique\" \/>\n<meta property=\"og:url\" content=\"https:\/\/www.abba-annecy.org\/NewVersion\/activites\/\" \/>\n<meta property=\"og:site_name\" content=\"ABBA- Eglise \u00e9vang\u00e9lique - ANNECY\" \/>\n<meta property=\"article:modified_time\" content=\"2023-09-11T20:29:36+00:00\" \/>\n<meta property=\"og:image\" content=\"https:\/\/www.abba-annecy.org\/NewVersion\/wp-content\/uploads\/2023\/08\/photo-1592907950068-57c6eb4d2f90.webp\" \/>\n\t<meta property=\"og:image:width\" content=\"1770\" \/>\n\t<meta property=\"og:image:height\" content=\"1180\" \/>\n\t<meta property=\"og:image:type\" content=\"image\/webp\" \/>\n<meta name=\"twitter:card\" content=\"summary_large_image\" \/>\n<meta name=\"twitter:label1\" content=\"Dur\u00e9e de lecture estim\u00e9e\" \/>\n\t<meta name=\"twitter:data1\" content=\"2 minutes\" \/>\n<script type=\"application\/ld+json\" class=\"yoast-schema-graph\">{\"@context\":\"https:\/\/schema.org\",\"@graph\":[{\"@type\":\"WebPage\",\"@id\":\"https:\/\/www.abba-annecy.org\/NewVersion\/activites\/\",\"url\":\"https:\/\/www.abba-annecy.org\/NewVersion\/activites\/\",\"name\":\"Activit\u00e9s - ABBA- Eglise \u00e9vang\u00e9lique - ANNECY Annecy - Eglise protestante \u00e9vang\u00e9lique\",\"isPartOf\":{\"@id\":\"https:\/\/www.abba-annecy.org\/NewVersion\/#website\"},\"primaryImageOfPage\":{\"@id\":\"https:\/\/www.abba-annecy.org\/NewVersion\/activites\/#primaryimage\"},\"image\":{\"@id\":\"https:\/\/www.abba-annecy.org\/NewVersion\/activites\/#primaryimage\"},\"thumbnailUrl\":\"https:\/\/www.abba-annecy.org\/NewVersion\/wp-content\/uploads\/2023\/08\/photo-1592907950068-57c6eb4d2f90.webp\",\"datePublished\":\"2013-05-30T14:16:03+00:00\",\"dateModified\":\"2023-09-11T20:29:36+00:00\",\"breadcrumb\":{\"@id\":\"https:\/\/www.abba-annecy.org\/NewVersion\/activites\/#breadcrumb\"},\"inLanguage\":\"fr-FR\",\"potentialAction\":[{\"@type\":\"ReadAction\",\"target\":[\"https:\/\/www.abba-annecy.org\/NewVersion\/activites\/\"]}]},{\"@type\":\"ImageObject\",\"inLanguage\":\"fr-FR\",\"@id\":\"https:\/\/www.abba-annecy.org\/NewVersion\/activites\/#primaryimage\",\"url\":\"https:\/\/www.abba-annecy.org\/NewVersion\/wp-content\/uploads\/2023\/08\/photo-1592907950068-57c6eb4d2f90.webp\",\"contentUrl\":\"https:\/\/www.abba-annecy.org\/NewVersion\/wp-content\/uploads\/2023\/08\/photo-1592907950068-57c6eb4d2f90.webp\",\"width\":1770,\"height\":1180},{\"@type\":\"BreadcrumbList\",\"@id\":\"https:\/\/www.abba-annecy.org\/NewVersion\/activites\/#breadcrumb\",\"itemListElement\":[{\"@type\":\"ListItem\",\"position\":1,\"name\":\"Accueil\",\"item\":\"https:\/\/www.abba-annecy.org\/NewVersion\/\"},{\"@type\":\"ListItem\",\"position\":2,\"name\":\"Activit\u00e9s\"}]},{\"@type\":\"WebSite\",\"@id\":\"https:\/\/www.abba-annecy.org\/NewVersion\/#website\",\"url\":\"https:\/\/www.abba-annecy.org\/NewVersion\/\",\"name\":\"Assembl\u00e9e Biblique du Bassin Ann\u00e9cien - ABBA - Eglise protestante \u00e9vang\u00e9lique - ANNECY\",\"description\":\"Assembl\u00e9e Biblique du Bassin Ann\u00e9cien- Culte \u00e0 10h15\",\"publisher\":{\"@id\":\"https:\/\/www.abba-annecy.org\/NewVersion\/#organization\"},\"alternateName\":\"ABBA - \u00e9glise Annecy\",\"potentialAction\":[{\"@type\":\"SearchAction\",\"target\":{\"@type\":\"EntryPoint\",\"urlTemplate\":\"https:\/\/www.abba-annecy.org\/NewVersion\/?s={search_term_string}\"},\"query-input\":{\"@type\":\"PropertyValueSpecification\",\"valueRequired\":true,\"valueName\":\"search_term_string\"}}],\"inLanguage\":\"fr-FR\"},{\"@type\":\"Organization\",\"@id\":\"https:\/\/www.abba-annecy.org\/NewVersion\/#organization\",\"name\":\"Assembl\u00e9e Biblique du Bassin Ann\u00e9cien - Eglise protestante \u00e9vang\u00e9lique - ANNECY\",\"alternateName\":\"ABBA - \u00e9glise annecy\",\"url\":\"https:\/\/www.abba-annecy.org\/NewVersion\/\",\"logo\":{\"@type\":\"ImageObject\",\"inLanguage\":\"fr-FR\",\"@id\":\"https:\/\/www.abba-annecy.org\/NewVersion\/#\/schema\/logo\/image\/\",\"url\":\"https:\/\/www.abba-annecy.org\/NewVersion\/wp-content\/uploads\/2023\/08\/logo.png\",\"contentUrl\":\"https:\/\/www.abba-annecy.org\/NewVersion\/wp-content\/uploads\/2023\/08\/logo.png\",\"width\":1500,\"height\":511,\"caption\":\"Assembl\u00e9e Biblique du Bassin Ann\u00e9cien - Eglise protestante \u00e9vang\u00e9lique - ANNECY\"},\"image\":{\"@id\":\"https:\/\/www.abba-annecy.org\/NewVersion\/#\/schema\/logo\/image\/\"}}]}<\/script>\n<!-- \/ Yoast SEO plugin. -->","yoast_head_json":{"title":"Activit\u00e9s - ABBA- Eglise \u00e9vang\u00e9lique - ANNECY Annecy - Eglise protestante \u00e9vang\u00e9lique","robots":{"index":"index","follow":"follow","max-snippet":"max-snippet:-1","max-image-preview":"max-image-preview:large","max-video-preview":"max-video-preview:-1"},"canonical":"https:\/\/www.abba-annecy.org\/NewVersion\/activites\/","og_locale":"fr_FR","og_type":"article","og_title":"Activit\u00e9s - ABBA- Eglise \u00e9vang\u00e9lique - ANNECY Annecy - Eglise protestante \u00e9vang\u00e9lique","og_url":"https:\/\/www.abba-annecy.org\/NewVersion\/activites\/","og_site_name":"ABBA- Eglise \u00e9vang\u00e9lique - ANNECY","article_modified_time":"2023-09-11T20:29:36+00:00","og_image":[{"width":1770,"height":1180,"url":"https:\/\/www.abba-annecy.org\/NewVersion\/wp-content\/uploads\/2023\/08\/photo-1592907950068-57c6eb4d2f90.webp","type":"image\/webp"}],"twitter_card":"summary_large_image","twitter_misc":{"Dur\u00e9e de lecture estim\u00e9e":"2 minutes"},"schema":{"@context":"https:\/\/schema.org","@graph":[{"@type":"WebPage","@id":"https:\/\/www.abba-annecy.org\/NewVersion\/activites\/","url":"https:\/\/www.abba-annecy.org\/NewVersion\/activites\/","name":"Activit\u00e9s - ABBA- Eglise \u00e9vang\u00e9lique - ANNECY Annecy - Eglise protestante \u00e9vang\u00e9lique","isPartOf":{"@id":"https:\/\/www.abba-annecy.org\/NewVersion\/#website"},"primaryImageOfPage":{"@id":"https:\/\/www.abba-annecy.org\/NewVersion\/activites\/#primaryimage"},"image":{"@id":"https:\/\/www.abba-annecy.org\/NewVersion\/activites\/#primaryimage"},"thumbnailUrl":"https:\/\/www.abba-annecy.org\/NewVersion\/wp-content\/uploads\/2023\/08\/photo-1592907950068-57c6eb4d2f90.webp","datePublished":"2013-05-30T14:16:03+00:00","dateModified":"2023-09-11T20:29:36+00:00","breadcrumb":{"@id":"https:\/\/www.abba-annecy.org\/NewVersion\/activites\/#breadcrumb"},"inLanguage":"fr-FR","potentialAction":[{"@type":"ReadAction","target":["https:\/\/www.abba-annecy.org\/NewVersion\/activites\/"]}]},{"@type":"ImageObject","inLanguage":"fr-FR","@id":"https:\/\/www.abba-annecy.org\/NewVersion\/activites\/#primaryimage","url":"https:\/\/www.abba-annecy.org\/NewVersion\/wp-content\/uploads\/2023\/08\/photo-1592907950068-57c6eb4d2f90.webp","contentUrl":"https:\/\/www.abba-annecy.org\/NewVersion\/wp-content\/uploads\/2023\/08\/photo-1592907950068-57c6eb4d2f90.webp","width":1770,"height":1180},{"@type":"BreadcrumbList","@id":"https:\/\/www.abba-annecy.org\/NewVersion\/activites\/#breadcrumb","itemListElement":[{"@type":"ListItem","position":1,"name":"Accueil","item":"https:\/\/www.abba-annecy.org\/NewVersion\/"},{"@type":"ListItem","position":2,"name":"Activit\u00e9s"}]},{"@type":"WebSite","@id":"https:\/\/www.abba-annecy.org\/NewVersion\/#website","url":"https:\/\/www.abba-annecy.org\/NewVersion\/","name":"Assembl\u00e9e Biblique du Bassin Ann\u00e9cien - ABBA - Eglise protestante \u00e9vang\u00e9lique - ANNECY","description":"Assembl\u00e9e Biblique du Bassin Ann\u00e9cien- Culte \u00e0 10h15","publisher":{"@id":"https:\/\/www.abba-annecy.org\/NewVersion\/#organization"},"alternateName":"ABBA - \u00e9glise Annecy","potentialAction":[{"@type":"SearchAction","target":{"@type":"EntryPoint","urlTemplate":"https:\/\/www.abba-annecy.org\/NewVersion\/?s={search_term_string}"},"query-input":{"@type":"PropertyValueSpecification","valueRequired":true,"valueName":"search_term_string"}}],"inLanguage":"fr-FR"},{"@type":"Organization","@id":"https:\/\/www.abba-annecy.org\/NewVersion\/#organization","name":"Assembl\u00e9e Biblique du Bassin Ann\u00e9cien - Eglise protestante \u00e9vang\u00e9lique - ANNECY","alternateName":"ABBA - \u00e9glise annecy","url":"https:\/\/www.abba-annecy.org\/NewVersion\/","logo":{"@type":"ImageObject","inLanguage":"fr-FR","@id":"https:\/\/www.abba-annecy.org\/NewVersion\/#\/schema\/logo\/image\/","url":"https:\/\/www.abba-annecy.org\/NewVersion\/wp-content\/uploads\/2023\/08\/logo.png","contentUrl":"https:\/\/www.abba-annecy.org\/NewVersion\/wp-content\/uploads\/2023\/08\/logo.png","width":1500,"height":511,"caption":"Assembl\u00e9e Biblique du Bassin Ann\u00e9cien - Eglise protestante \u00e9vang\u00e9lique - ANNECY"},"image":{"@id":"https:\/\/www.abba-annecy.org\/NewVersion\/#\/schema\/logo\/image\/"}}]}},"uagb_featured_image_src":{"full":["https:\/\/www.abba-annecy.org\/NewVersion\/wp-content\/uploads\/2023\/08\/photo-1592907950068-57c6eb4d2f90.webp",1770,1180,false],"thumbnail":["https:\/\/www.abba-annecy.org\/NewVersion\/wp-content\/uploads\/2023\/08\/photo-1592907950068-57c6eb4d2f90-150x150.webp",150,150,true],"medium":["https:\/\/www.abba-annecy.org\/NewVersion\/wp-content\/uploads\/2023\/08\/photo-1592907950068-57c6eb4d2f90-300x200.webp",300,200,true],"medium_large":["https:\/\/www.abba-annecy.org\/NewVersion\/wp-content\/uploads\/2023\/08\/photo-1592907950068-57c6eb4d2f90-768x512.webp",768,512,true],"large":["https:\/\/www.abba-annecy.org\/NewVersion\/wp-content\/uploads\/2023\/08\/photo-1592907950068-57c6eb4d2f90-1024x683.webp",780,520,true],"1536x1536":["https:\/\/www.abba-annecy.org\/NewVersion\/wp-content\/uploads\/2023\/08\/photo-1592907950068-57c6eb4d2f90-1536x1024.webp",1536,1024,true],"2048x2048":["https:\/\/www.abba-annecy.org\/NewVersion\/wp-content\/uploads\/2023\/08\/photo-1592907950068-57c6eb4d2f90.webp",1770,1180,false],"post-thumbnail":["https:\/\/www.abba-annecy.org\/NewVersion\/wp-content\/uploads\/2023\/08\/photo-1592907950068-57c6eb4d2f90-200x125.webp",200,125,true],"faith-large-thumbnail":["https:\/\/www.abba-annecy.org\/NewVersion\/wp-content\/uploads\/2023\/08\/photo-1592907950068-57c6eb4d2f90-1600x500.webp",1600,500,true],"faith-medium-thumbnail":["https:\/\/www.abba-annecy.org\/NewVersion\/wp-content\/uploads\/2023\/08\/photo-1592907950068-57c6eb4d2f90-800x250.webp",800,250,true],"faith-normal-thumbnail":["https:\/\/www.abba-annecy.org\/NewVersion\/wp-content\/uploads\/2023\/08\/photo-1592907950068-57c6eb4d2f90-480x300.webp",480,300,true]},"uagb_author_info":{"display_name":"admin","author_link":"https:\/\/www.abba-annecy.org\/NewVersion\/author\/admin\/"},"uagb_comment_info":0,"uagb_excerpt":null,"_links":{"self":[{"href":"https:\/\/www.abba-annecy.org\/NewVersion\/wp-json\/wp\/v2\/pages\/11","targetHints":{"allow":["GET"]}}],"collection":[{"href":"https:\/\/www.abba-annecy.org\/NewVersion\/wp-json\/wp\/v2\/pages"}],"about":[{"href":"https:\/\/www.abba-annecy.org\/NewVersion\/wp-json\/wp\/v2\/types\/page"}],"author":[{"embeddable":true,"href":"https:\/\/www.abba-annecy.org\/NewVersion\/wp-json\/wp\/v2\/users\/1"}],"replies":[{"embeddable":true,"href":"https:\/\/www.abba-annecy.org\/NewVersion\/wp-json\/wp\/v2\/comments?post=11"}],"version-history":[{"count":6,"href":"https:\/\/www.abba-annecy.org\/NewVersion\/wp-json\/wp\/v2\/pages\/11\/revisions"}],"predecessor-version":[{"id":3200,"href":"https:\/\/www.abba-annecy.org\/NewVersion\/wp-json\/wp\/v2\/pages\/11\/revisions\/3200"}],"wp:featuredmedia":[{"embeddable":true,"href":"https:\/\/www.abba-annecy.org\/NewVersion\/wp-json\/wp\/v2\/media\/3054"}],"wp:attachment":[{"href":"https:\/\/www.abba-annecy.org\/NewVersion\/wp-json\/wp\/v2\/media?parent=11"}],"curies":[{"name":"wp","href":"https:\/\/api.w.org\/{rel}","templated":true}]}}